{"id":3677,"date":"2022-11-25T13:32:05","date_gmt":"2022-11-25T12:32:05","guid":{"rendered":"https:\/\/urk-export.nl\/declaracion-de-privacidad\/"},"modified":"2024-11-14T14:34:32","modified_gmt":"2024-11-14T13:34:32","slug":"declaracion-de-privacidad","status":"publish","type":"page","link":"https:\/\/urk-export.nl\/es\/declaracion-de-privacidad\/","title":{"rendered":"Pol\u00edtica de privacidad"},"content":{"rendered":"\n<div style=\"height:100px\" aria-hidden=\"true\" class=\"wp-block-spacer\"><\/div>\n\n\n\n\n\n<h1 class=\"wp-block-heading\">Declaraci\u00f3n de privacidad<\/h1>\n\n\n\n<p>Urk-Export B.V., con domicilio en Zuidoostrak 8-10 8321 MA, Urk, Pa\u00edses Bajos, es responsable del tratamiento de los datos personales seg\u00fan se describe en esta declaraci\u00f3n de privacidad.<\/p>\n\n\n\n<p><strong>Datos de contacto:<\/strong><\/p>\n\n\n\n<p>Sitio web: <a href=\"https:\/\/urk-export.nl\">https:\/\/urk-export.nl<\/a><\/p>\n\n\n\n<p>Zuidoostrak 8-10 8321 MA, Urk, Pa\u00edses Bajos<\/p>\n\n\n\n<p>+31 (0)527 689 689<\/p>\n\n\n\n<hr class=\"wp-block-separator has-alpha-channel-opacity\"\/>\n\n\n\n<p><strong>Datos personales que tratamos:<\/strong><\/p>\n\n\n\n<p>Urk-Export B.V. trata los siguientes datos personales:<\/p>\n\n\n\n<ul class=\"wp-block-list\">\n<li>Nombre y apellidos<\/li>\n\n\n\n<li>N\u00famero de tel\u00e9fono<\/li>\n\n\n\n<li>Direcci\u00f3n de correo electr\u00f3nico<\/li>\n\n\n\n<li>Datos sobre tus actividades en nuestro sitio web<\/li>\n\n\n\n<li>Tipo de navegador y dispositivo utilizado<\/li>\n<\/ul>\n\n\n\n<hr class=\"wp-block-separator has-alpha-channel-opacity\"\/>\n\n\n\n<p><strong>Datos personales que tratamos:<\/strong><\/p>\n\n\n\n<p>Urk-Export B.V. no trata datos personales porque no es posible dejar datos personales en nuestro sitio web. Adem\u00e1s, no utilizamos complementos de redes sociales.<\/p>\n\n\n\n<hr class=\"wp-block-separator has-alpha-channel-opacity\"\/>\n\n\n\n<p><strong>Datos sensibles y\/o especiales que tratamos:<\/strong><\/p>\n\n\n\n<p>Urk-Export B.V. trata los siguientes datos sensibles y\/o especiales:<\/p>\n\n\n\n<ul class=\"wp-block-list\">\n<li><strong>Verificaci\u00f3n de solvencia<\/strong><br>En Urk-Export B.V., es posible pagar los productos despu\u00e9s de la compra. Para hacer esto posible y protegernos contra abusos, realizamos una verificaci\u00f3n de solvencia. Para ello, proporcionamos los datos personales necesarios (incluyendo tu informaci\u00f3n de contacto) a una agencia de evaluaci\u00f3n crediticia que solo puede utilizar estos datos para este prop\u00f3sito.<\/li>\n<\/ul>\n\n\n\n<hr class=\"wp-block-separator has-alpha-channel-opacity\"\/>\n\n\n\n<p><strong>Con qu\u00e9 fines y sobre qu\u00e9 base legal tratamos los datos personales:<\/strong><\/p>\n\n\n\n<p>Urk-Export B.V. trata tus datos personales con los siguientes fines:<\/p>\n\n\n\n<ul class=\"wp-block-list\">\n<li>Procesar tu pago<\/li>\n\n\n\n<li>Llamarte o enviarte un correo electr\u00f3nico si es necesario para ejecutar nuestros servicios<\/li>\n\n\n\n<li>Entregar productos y servicios<\/li>\n\n\n\n<li>Urk-Export B.V. analiza tu comportamiento en el sitio web para mejorar el sitio y adaptar la oferta de productos y servicios a tus preferencias.<\/li>\n<\/ul>\n\n\n\n<hr class=\"wp-block-separator has-alpha-channel-opacity\"\/>\n\n\n\n<p><strong>Toma de decisiones automatizadas:<\/strong><\/p>\n\n\n\n<p>Urk-Export B.V. toma decisiones basadas en tratamientos automatizados que pueden tener consecuencias significativas para las personas. Estas decisiones se toman mediante programas inform\u00e1ticos o sistemas, sin la intervenci\u00f3n de una persona (por ejemplo, un empleado de Urk-Export B.V.).<\/p>\n\n\n\n<hr class=\"wp-block-separator has-alpha-channel-opacity\"\/>\n\n\n\n<p><strong>Periodo de conservaci\u00f3n de los datos personales:<\/strong><\/p>\n\n\n\n<p>Urk-Export B.V. no conserva tus datos personales m\u00e1s tiempo del necesario para alcanzar los fines para los cuales fueron recopilados.<\/p>\n\n\n\n<hr class=\"wp-block-separator has-alpha-channel-opacity\"\/>\n\n\n\n<p><strong>Compartir los datos personales con terceros:<\/strong><\/p>\n\n\n\n<p>Urk-Export B.V. solo proporciona tus datos personales a terceros si es necesario para la ejecuci\u00f3n de nuestro contrato contigo o para cumplir con una obligaci\u00f3n legal.<\/p>\n\n\n\n<hr class=\"wp-block-separator has-alpha-channel-opacity\"\/>\n\n\n\n<p><strong>Cookies y tecnolog\u00edas similares que utilizamos:<\/strong><\/p>\n\n\n\n<p>Urk-Export B.V. utiliza cookies funcionales, anal\u00edticas y de seguimiento. Una cookie es un peque\u00f1o archivo de texto que se guarda en el navegador de tu computadora, tableta o tel\u00e9fono inteligente cuando visitas nuestro sitio por primera vez. Urk-Export B.V. utiliza cookies con fines puramente t\u00e9cnicos. Estas cookies aseguran que el sitio funcione correctamente y, por ejemplo, guardan tus preferencias. Tambi\u00e9n se utilizan para hacer que el sitio funcione correctamente y para optimizarlo. Adem\u00e1s, colocamos cookies que rastrean tu comportamiento en la web para poder ofrecerte contenido y anuncios personalizados. En tu primera visita a nuestro sitio web, ya te hemos informado sobre estas cookies y te hemos pedido tu consentimiento para su instalaci\u00f3n. Puedes desactivar las cookies configurando tu navegador para que ya no guarde cookies. Tambi\u00e9n puedes eliminar toda la informaci\u00f3n almacenada previamente a trav\u00e9s de la configuraci\u00f3n de tu navegador. Para m\u00e1s informaci\u00f3n, consulta: <a href=\"https:\/\/veiliginternetten.nl\/themes\/situatie\/cookies-wat-zijn-het-en-wat-doe-ik-ermee\/\">https:\/\/veiliginternetten.nl\/themes\/situatie\/cookies-wat-zijn-het-en-wat-doe-ik-ermee\/<\/a><\/p>\n\n\n\n<hr class=\"wp-block-separator has-alpha-channel-opacity\"\/>\n\n\n\n<p><strong>Acceder, corregir o eliminar datos:<\/strong><\/p>\n\n\n\n<p>Tienes derecho a consultar, corregir o eliminar tus datos personales. Puedes hacerlo directamente a trav\u00e9s de la configuraci\u00f3n de tu cuenta personal. Adem\u00e1s, tienes derecho a retirar tu consentimiento para el tratamiento de datos o a oponerte al tratamiento de tus datos personales por parte de nuestra empresa, y tambi\u00e9n tienes derecho a la portabilidad de los datos. Esto significa que puedes solicitar que los datos personales que tenemos sobre ti sean enviados a ti o a otra organizaci\u00f3n que t\u00fa elijas. Si deseas ejercer tu derecho de oposici\u00f3n y\/o derecho a la portabilidad de los datos, o si tienes otras preguntas\/comentarios sobre el tratamiento de datos, env\u00eda una solicitud espec\u00edfica a <a>info@urk-export.nl<\/a>. Para asegurarnos de que la solicitud de acceso ha sido realizada por ti, te pedimos que env\u00edes una copia de tu documento de identidad junto con la solicitud. En esta copia, oculta tu foto, la zona legible por m\u00e1quina (MRZ, la franja con n\u00fameros en la parte inferior del pasaporte), el n\u00famero del pasaporte y el n\u00famero de seguridad social (BSN) para proteger tu privacidad. Urk-Export B.V. responder\u00e1 a tu solicitud lo antes posible, y en cualquier caso, dentro de un plazo de cuatro semanas. Urk-Export B.V. tambi\u00e9n desea informarte de que tienes el derecho de presentar una queja ante la autoridad de protecci\u00f3n de datos nacional, la Autoridad de Protecci\u00f3n de Datos. Puedes hacerlo a trav\u00e9s del siguiente enlace: <a href=\"https:\/\/autoriteitpersoonsgegevens.nl\/nl\/contact-met-de-autoriteit-persoonsgegevens\/tip-ons\">https:\/\/autoriteitpersoonsgegevens.nl\/nl\/contact-met-de-autoriteit-persoonsgegevens\/tip-ons<\/a><\/p>\n\n\n\n<hr class=\"wp-block-separator has-alpha-channel-opacity\"\/>\n\n\n\n<p><strong>C\u00f3mo protegemos los datos personales:<\/strong><\/p>\n\n\n\n<p>Urk-Export B.V. se toma en serio la protecci\u00f3n de tus datos y adopta las medidas adecuadas para prevenir el abuso, la p\u00e9rdida, el acceso no autorizado, la divulgaci\u00f3n no deseada y la modificaci\u00f3n no autorizada. Si crees que tus datos no est\u00e1n adecuadamente protegidos o si observas signos de abuso, contacta con nuestro servicio de atenci\u00f3n al cliente o env\u00eda un correo electr\u00f3nico a <a>info@urk-export.nl<\/a>.<\/p>\n","protected":false},"excerpt":{"rendered":"<p>Declaraci\u00f3n de privacidad Urk-Export B.V., con domicilio en Zuidoostrak 8-10 8321 MA, Urk, Pa\u00edses Bajos, es responsable del tratamiento de los datos personales seg\u00fan se describe en esta declaraci\u00f3n de privacidad. Datos de contacto: Sitio web: https:\/\/urk-export.nl Zuidoostrak 8-10 8321 MA, Urk, Pa\u00edses Bajos +31 (0)527 689 689 Datos personales que tratamos: Urk-Export B.V. trata [&hellip;]<\/p>\n","protected":false},"author":2,"featured_media":2508,"parent":0,"menu_order":0,"comment_status":"closed","ping_status":"closed","template":"","meta":{"_acf_changed":false,"_monsterinsights_skip_tracking":false,"_monsterinsights_sitenote_active":false,"_monsterinsights_sitenote_note":"","_monsterinsights_sitenote_category":0,"footnotes":""},"class_list":["post-3677","page","type-page","status-publish","has-post-thumbnail","hentry"],"blocksy_meta":{"styles_descriptor":{"styles":{"desktop":"","tablet":"","mobile":""},"google_fonts":[],"version":6}},"acf":[],"featured_image_urls_v2":{"full":["https:\/\/urk-export.nl\/wp-content\/uploads\/2020\/11\/Kopie-van-pexels-photo-3184315.jpg",2000,1000,false],"thumbnail":["https:\/\/urk-export.nl\/wp-content\/uploads\/2020\/11\/Kopie-van-pexels-photo-3184315-150x150.jpg",150,150,true],"medium":["https:\/\/urk-export.nl\/wp-content\/uploads\/2020\/11\/Kopie-van-pexels-photo-3184315-300x150.jpg",300,150,true],"medium_large":["https:\/\/urk-export.nl\/wp-content\/uploads\/2020\/11\/Kopie-van-pexels-photo-3184315-768x384.jpg",768,384,true],"large":["https:\/\/urk-export.nl\/wp-content\/uploads\/2020\/11\/Kopie-van-pexels-photo-3184315-1024x512.jpg",1024,512,true],"1536x1536":["https:\/\/urk-export.nl\/wp-content\/uploads\/2020\/11\/Kopie-van-pexels-photo-3184315-1536x768.jpg",1536,768,true],"2048x2048":["https:\/\/urk-export.nl\/wp-content\/uploads\/2020\/11\/Kopie-van-pexels-photo-3184315.jpg",2000,1000,false],"gform-image-choice-sm":["https:\/\/urk-export.nl\/wp-content\/uploads\/2020\/11\/Kopie-van-pexels-photo-3184315.jpg",300,150,false],"gform-image-choice-md":["https:\/\/urk-export.nl\/wp-content\/uploads\/2020\/11\/Kopie-van-pexels-photo-3184315.jpg",400,200,false],"gform-image-choice-lg":["https:\/\/urk-export.nl\/wp-content\/uploads\/2020\/11\/Kopie-van-pexels-photo-3184315.jpg",600,300,false]},"post_excerpt_stackable_v2":"<p>Declaraci\u00f3n de privacidad Urk-Export B.V., con domicilio en Zuidoostrak 8-10 8321 MA, Urk, Pa\u00edses Bajos, es responsable del tratamiento de los datos personales seg\u00fan se describe en esta declaraci\u00f3n de privacidad. Datos de contacto: Sitio web: https:\/\/urk-export.nl Zuidoostrak 8-10 8321 MA, Urk, Pa\u00edses Bajos +31 (0)527 689 689 Datos personales que tratamos: Urk-Export B.V. trata los siguientes datos personales: Nombre y apellidos N\u00famero de tel\u00e9fono Direcci\u00f3n de correo electr\u00f3nico Datos sobre tus actividades en nuestro sitio web Tipo de navegador y dispositivo utilizado Datos personales que tratamos: Urk-Export B.V. no trata datos personales porque no es posible dejar datos personales&hellip;<\/p>\n","category_list_v2":"","author_info_v2":{"name":"Spikker","url":"https:\/\/urk-export.nl\/es\/author\/spikker\/"},"comments_num_v2":"0 comentarios","yoast_head":"<!-- This site is optimized with the Yoast SEO plugin v27.4 - https:\/\/yoast.com\/product\/yoast-seo-wordpress\/ -->\n<title>Pol\u00edtica de privacidad - Urk-Export<\/title>\n<meta name=\"description\" content=\"En nuestra pol\u00edtica de privacidad, descubrir\u00e1s c\u00f3mo protegemos tus datos. La transparencia y la seguridad son nuestras principales prioridades\" \/>\n<meta name=\"robots\" content=\"index, follow, max-snippet:-1, max-image-preview:large, max-video-preview:-1\" \/>\n<link rel=\"canonical\" href=\"https:\/\/urk-export.nl\/es\/declaracion-de-privacidad\/\" \/>\n<script type=\"application\/ld+json\" class=\"yoast-schema-graph\">{\"@context\":\"https:\\\/\\\/schema.org\",\"@graph\":[{\"@type\":\"WebPage\",\"@id\":\"https:\\\/\\\/urk-export.nl\\\/es\\\/declaracion-de-privacidad\\\/\",\"url\":\"https:\\\/\\\/urk-export.nl\\\/es\\\/declaracion-de-privacidad\\\/\",\"name\":\"Pol\u00edtica de privacidad - Urk-Export\",\"isPartOf\":{\"@id\":\"https:\\\/\\\/urk-export.nl\\\/es\\\/#website\"},\"primaryImageOfPage\":{\"@id\":\"https:\\\/\\\/urk-export.nl\\\/es\\\/declaracion-de-privacidad\\\/#primaryimage\"},\"image\":{\"@id\":\"https:\\\/\\\/urk-export.nl\\\/es\\\/declaracion-de-privacidad\\\/#primaryimage\"},\"thumbnailUrl\":\"https:\\\/\\\/urk-export.nl\\\/wp-content\\\/uploads\\\/2020\\\/11\\\/Kopie-van-pexels-photo-3184315.jpg\",\"datePublished\":\"2022-11-25T12:32:05+00:00\",\"dateModified\":\"2024-11-14T13:34:32+00:00\",\"description\":\"En nuestra pol\u00edtica de privacidad, descubrir\u00e1s c\u00f3mo protegemos tus datos. La transparencia y la seguridad son nuestras principales prioridades\",\"breadcrumb\":{\"@id\":\"https:\\\/\\\/urk-export.nl\\\/es\\\/declaracion-de-privacidad\\\/#breadcrumb\"},\"inLanguage\":\"es\",\"potentialAction\":[{\"@type\":\"ReadAction\",\"target\":[\"https:\\\/\\\/urk-export.nl\\\/es\\\/declaracion-de-privacidad\\\/\"]}]},{\"@type\":\"ImageObject\",\"inLanguage\":\"es\",\"@id\":\"https:\\\/\\\/urk-export.nl\\\/es\\\/declaracion-de-privacidad\\\/#primaryimage\",\"url\":\"https:\\\/\\\/urk-export.nl\\\/wp-content\\\/uploads\\\/2020\\\/11\\\/Kopie-van-pexels-photo-3184315.jpg\",\"contentUrl\":\"https:\\\/\\\/urk-export.nl\\\/wp-content\\\/uploads\\\/2020\\\/11\\\/Kopie-van-pexels-photo-3184315.jpg\",\"width\":2000,\"height\":1000},{\"@type\":\"BreadcrumbList\",\"@id\":\"https:\\\/\\\/urk-export.nl\\\/es\\\/declaracion-de-privacidad\\\/#breadcrumb\",\"itemListElement\":[{\"@type\":\"ListItem\",\"position\":1,\"name\":\"Home\",\"item\":\"https:\\\/\\\/urk-export.nl\\\/es\\\/\"},{\"@type\":\"ListItem\",\"position\":2,\"name\":\"Pol\u00edtica de privacidad\"}]},{\"@type\":\"WebSite\",\"@id\":\"https:\\\/\\\/urk-export.nl\\\/es\\\/#website\",\"url\":\"https:\\\/\\\/urk-export.nl\\\/es\\\/\",\"name\":\"Urk-Export\",\"description\":\"\",\"publisher\":{\"@id\":\"https:\\\/\\\/urk-export.nl\\\/es\\\/#organization\"},\"potentialAction\":[{\"@type\":\"SearchAction\",\"target\":{\"@type\":\"EntryPoint\",\"urlTemplate\":\"https:\\\/\\\/urk-export.nl\\\/es\\\/?s={search_term_string}\"},\"query-input\":{\"@type\":\"PropertyValueSpecification\",\"valueRequired\":true,\"valueName\":\"search_term_string\"}}],\"inLanguage\":\"es\"},{\"@type\":\"Organization\",\"@id\":\"https:\\\/\\\/urk-export.nl\\\/es\\\/#organization\",\"name\":\"Urk-Export\",\"url\":\"https:\\\/\\\/urk-export.nl\\\/es\\\/\",\"logo\":{\"@type\":\"ImageObject\",\"inLanguage\":\"es\",\"@id\":\"https:\\\/\\\/urk-export.nl\\\/es\\\/#\\\/schema\\\/logo\\\/image\\\/\",\"url\":\"https:\\\/\\\/urk-export.nl\\\/wp-content\\\/uploads\\\/2021\\\/03\\\/Urk-Export_fc.svg\",\"contentUrl\":\"https:\\\/\\\/urk-export.nl\\\/wp-content\\\/uploads\\\/2021\\\/03\\\/Urk-Export_fc.svg\",\"width\":337,\"height\":92,\"caption\":\"Urk-Export\"},\"image\":{\"@id\":\"https:\\\/\\\/urk-export.nl\\\/es\\\/#\\\/schema\\\/logo\\\/image\\\/\"},\"sameAs\":[\"https:\\\/\\\/www.facebook.com\\\/urkexportbv\",\"https:\\\/\\\/www.linkedin.com\\\/company\\\/urk-export\\\/mycompany\\\/\",\"https:\\\/\\\/www.instagram.com\\\/urkexportbv\\\/\"]}]}<\/script>\n<!-- \/ Yoast SEO plugin. -->","yoast_head_json":{"title":"Pol\u00edtica de privacidad - Urk-Export","description":"En nuestra pol\u00edtica de privacidad, descubrir\u00e1s c\u00f3mo protegemos tus datos. La transparencia y la seguridad son nuestras principales prioridades","robots":{"index":"index","follow":"follow","max-snippet":"max-snippet:-1","max-image-preview":"max-image-preview:large","max-video-preview":"max-video-preview:-1"},"canonical":"https:\/\/urk-export.nl\/es\/declaracion-de-privacidad\/","schema":{"@context":"https:\/\/schema.org","@graph":[{"@type":"WebPage","@id":"https:\/\/urk-export.nl\/es\/declaracion-de-privacidad\/","url":"https:\/\/urk-export.nl\/es\/declaracion-de-privacidad\/","name":"Pol\u00edtica de privacidad - Urk-Export","isPartOf":{"@id":"https:\/\/urk-export.nl\/es\/#website"},"primaryImageOfPage":{"@id":"https:\/\/urk-export.nl\/es\/declaracion-de-privacidad\/#primaryimage"},"image":{"@id":"https:\/\/urk-export.nl\/es\/declaracion-de-privacidad\/#primaryimage"},"thumbnailUrl":"https:\/\/urk-export.nl\/wp-content\/uploads\/2020\/11\/Kopie-van-pexels-photo-3184315.jpg","datePublished":"2022-11-25T12:32:05+00:00","dateModified":"2024-11-14T13:34:32+00:00","description":"En nuestra pol\u00edtica de privacidad, descubrir\u00e1s c\u00f3mo protegemos tus datos. La transparencia y la seguridad son nuestras principales prioridades","breadcrumb":{"@id":"https:\/\/urk-export.nl\/es\/declaracion-de-privacidad\/#breadcrumb"},"inLanguage":"es","potentialAction":[{"@type":"ReadAction","target":["https:\/\/urk-export.nl\/es\/declaracion-de-privacidad\/"]}]},{"@type":"ImageObject","inLanguage":"es","@id":"https:\/\/urk-export.nl\/es\/declaracion-de-privacidad\/#primaryimage","url":"https:\/\/urk-export.nl\/wp-content\/uploads\/2020\/11\/Kopie-van-pexels-photo-3184315.jpg","contentUrl":"https:\/\/urk-export.nl\/wp-content\/uploads\/2020\/11\/Kopie-van-pexels-photo-3184315.jpg","width":2000,"height":1000},{"@type":"BreadcrumbList","@id":"https:\/\/urk-export.nl\/es\/declaracion-de-privacidad\/#breadcrumb","itemListElement":[{"@type":"ListItem","position":1,"name":"Home","item":"https:\/\/urk-export.nl\/es\/"},{"@type":"ListItem","position":2,"name":"Pol\u00edtica de privacidad"}]},{"@type":"WebSite","@id":"https:\/\/urk-export.nl\/es\/#website","url":"https:\/\/urk-export.nl\/es\/","name":"Urk-Export","description":"","publisher":{"@id":"https:\/\/urk-export.nl\/es\/#organization"},"potentialAction":[{"@type":"SearchAction","target":{"@type":"EntryPoint","urlTemplate":"https:\/\/urk-export.nl\/es\/?s={search_term_string}"},"query-input":{"@type":"PropertyValueSpecification","valueRequired":true,"valueName":"search_term_string"}}],"inLanguage":"es"},{"@type":"Organization","@id":"https:\/\/urk-export.nl\/es\/#organization","name":"Urk-Export","url":"https:\/\/urk-export.nl\/es\/","logo":{"@type":"ImageObject","inLanguage":"es","@id":"https:\/\/urk-export.nl\/es\/#\/schema\/logo\/image\/","url":"https:\/\/urk-export.nl\/wp-content\/uploads\/2021\/03\/Urk-Export_fc.svg","contentUrl":"https:\/\/urk-export.nl\/wp-content\/uploads\/2021\/03\/Urk-Export_fc.svg","width":337,"height":92,"caption":"Urk-Export"},"image":{"@id":"https:\/\/urk-export.nl\/es\/#\/schema\/logo\/image\/"},"sameAs":["https:\/\/www.facebook.com\/urkexportbv","https:\/\/www.linkedin.com\/company\/urk-export\/mycompany\/","https:\/\/www.instagram.com\/urkexportbv\/"]}]}},"_links":{"self":[{"href":"https:\/\/urk-export.nl\/es\/wp-json\/wp\/v2\/pages\/3677","targetHints":{"allow":["GET"]}}],"collection":[{"href":"https:\/\/urk-export.nl\/es\/wp-json\/wp\/v2\/pages"}],"about":[{"href":"https:\/\/urk-export.nl\/es\/wp-json\/wp\/v2\/types\/page"}],"author":[{"embeddable":true,"href":"https:\/\/urk-export.nl\/es\/wp-json\/wp\/v2\/users\/2"}],"replies":[{"embeddable":true,"href":"https:\/\/urk-export.nl\/es\/wp-json\/wp\/v2\/comments?post=3677"}],"version-history":[{"count":8,"href":"https:\/\/urk-export.nl\/es\/wp-json\/wp\/v2\/pages\/3677\/revisions"}],"predecessor-version":[{"id":3678,"href":"https:\/\/urk-export.nl\/es\/wp-json\/wp\/v2\/pages\/3677\/revisions\/3678"}],"wp:featuredmedia":[{"embeddable":true,"href":"https:\/\/urk-export.nl\/es\/wp-json\/wp\/v2\/media\/2508"}],"wp:attachment":[{"href":"https:\/\/urk-export.nl\/es\/wp-json\/wp\/v2\/media?parent=3677"}],"curies":[{"name":"wp","href":"https:\/\/api.w.org\/{rel}","templated":true}]}}