{"id":3483,"date":"2022-11-21T12:18:57","date_gmt":"2022-11-21T11:18:57","guid":{"rendered":"https:\/\/urk-export.nl\/transport\/"},"modified":"2022-11-21T12:18:57","modified_gmt":"2022-11-21T11:18:57","slug":"transport","status":"publish","type":"page","link":"https:\/\/urk-export.nl\/fr\/transport\/","title":{"rendered":"Transport"},"content":{"rendered":"\n<div class=\"wp-block-ugb-container ugb-container ugb-5a8ffe5 ugb-container--v2 ugb-container--design-plain ugb-main-block ugb--has-custom-content-width ugb--has-custom-content-width-tablet\"><style>.ugb-5a8ffe5.ugb-container > .ugb-inner-block{max-width:80% !important}@media screen and (min-width:768px){.ugb-5a8ffe5.ugb-container{margin-bottom:0px !important;padding-top:80px !important;padding-bottom:100px !important}}@media screen and (max-width:1025px){.ugb-5a8ffe5.ugb-container > .ugb-inner-block{max-width:100% !important}}@media screen and (max-width:768px){.ugb-5a8ffe5.ugb-container{padding-top:40px !important}}@media screen and (min-width:768px){.ugb-5a8ffe5 > .ugb-inner-block > .ugb-block-content > *{padding-top:0px !important;padding-bottom:0px !important;padding-right:0px !important;padding-left:0px !important}}<\/style><div class=\"ugb-inner-block\"><div class=\"ugb-block-content\"><div class=\"ugb-container__wrapper ugb-5a8ffe5-wrapper\"><div class=\"ugb-container__side\"><div class=\"ugb-container__content-wrapper ugb-5a8ffe5-content-wrapper\">\n<div class=\"wp-block-ugb-heading ugb-heading ugb-969666c ugb-main-block\"><style>.ugb-969666c .ugb-heading__title{text-align:center}.ugb-969666c .ugb-heading__subtitle{text-align:center}<\/style><div class=\"ugb-inner-block\"><div class=\"ugb-block-content\"><h1 class=\"ugb-heading__title\">Traitement<\/h1><p class=\"ugb-heading__subtitle\">Urk-Export dispose d&rsquo;installations de production modernes. Outre la ligne de filetage du saumon mentionn\u00e9e ci-dessus, nous sommes \u00e9galement en mesure de fileter la plie et la limande pour en faire de beaux produits finis. Nous disposons ainsi d&rsquo;une large gamme de produits.<br><br>Nos processus de production sont en d\u00e9veloppement constant pour r\u00e9pondre \u00e0 toutes les exigences de traitement et d&#8217;emballage de nos clients. Bien entendu, nous travaillons selon les derni\u00e8res exigences en mati\u00e8re de qualit\u00e9 et d&rsquo;hygi\u00e8ne et sommes certifi\u00e9s IFS (niveau sup\u00e9rieur).  <br><br>Nous offrons \u00e9galement \u00e0 nos clients le choix de fournir le filet de plie par grammage, ce qui nous place dans une position unique en termes de fourniture de filets sur mesure.<br>Bien entendu, nous pouvons vous proposer diff\u00e9rentes options de conditionnement pour r\u00e9pondre \u00e0 vos besoins.  <br><\/p><\/div><\/div><\/div>\n<\/div><\/div><\/div><\/div><\/div><\/div>\n\n<div class=\"wp-block-ugb-columns ugb-columns ugb-8690c57 ugb-columns--design-plain ugb-columns--columns-2 ugb-main-block\"><style>@media screen and (min-width:768px){.ugb-8690c57.ugb-columns{margin-bottom:70px !important}}@media screen and (max-width:768px){.ugb-8690c57 > .ugb-inner-block > .ugb-block-content > .ugb-columns__item > .ugb-column:nth-child(2){grid-area:1 !important}.ugb-8690c57 > .ugb-inner-block > .ugb-block-content > .ugb-columns__item > .ugb-column:nth-child(1){grid-area:2 !important}}<\/style><div class=\"ugb-inner-block\"><div class=\"ugb-block-content\"><div class=\"ugb-columns__item ugb-8690c57-content-wrapper\">\n<div class=\"wp-block-ugb-column ugb-column ugb-5366d29 ugb-column--design-plain ugb-main-block\"><style>@media screen and (min-width:768px){.ugb-5366d29.ugb-column{margin-bottom:0px !important}.ugb-5366d29 > .ugb-inner-block > .ugb-block-content > *{justify-content:center}}.ugb-5366d29 > .ugb-inner-block > .ugb-block-content > *{justify-content:center !important}<\/style><div class=\"ugb-inner-block\"><div class=\"ugb-block-content\"><div class=\"ugb-column__item ugb-5366d29-column-wrapper\"><div class=\"ugb-column__content-wrapper\">\n<div class=\"wp-block-ugb-heading ugb-heading ugb-134e8dc ugb-main-block\"><style>.ugb-134e8dc .ugb-heading__title{color:var(--theme-palette-color-2,#012340)}<\/style><div class=\"ugb-inner-block\"><div class=\"ugb-block-content\"><h2 class=\"ugb-heading__title\">Grammage<\/h2><\/div><\/div><\/div>\n\n\n\n<div class=\"wp-block-ugb-text ugb-text ugb-3826027 ugb-text--design-plain ugb-text--columns-1 ugb-main-block\"><style>@media screen and (min-width:768px){.ugb-3826027.ugb-text{margin-bottom:0px !important}}<\/style><div class=\"ugb-inner-block\"><div class=\"ugb-block-content\"><div class=\"ugb-text__text-wrapper\"><div class=\"ugb-text__text\"><p class=\"ugb-text__text-1\">Nous offrons \u00e9galement \u00e0 nos clients le choix de fournir le filet de plie par grammage, ce qui nous place dans une position unique en termes de fourniture de filet de plie sur mesure.<\/p><\/div><\/div><\/div><\/div><\/div>\n<\/div><\/div><\/div><\/div><\/div>\n\n\n\n<div class=\"wp-block-ugb-column ugb-column ugb-e134682 ugb-column--design-plain ugb-main-block\"><style>@media screen and (min-width:768px){.ugb-e134682.ugb-column{margin-bottom:0px !important;padding-right:15% !important}}@media screen and (min-width:768px) and (max-width:1025px){.ugb-e134682.ugb-column{padding-right:0% !important}}<\/style><div class=\"ugb-inner-block\"><div class=\"ugb-block-content\"><div class=\"ugb-column__item ugb-e134682-column-wrapper\"><div class=\"ugb-column__content-wrapper\">\n<figure class=\"wp-block-image size-large\"><img fetchpriority=\"high\" decoding=\"async\" width=\"927\" height=\"411\" src=\"https:\/\/urk-export.nl\/wp-content\/uploads\/2021\/03\/Rode-Poon_final_S-cropped.png\" alt=\"\" class=\"wp-image-855\" srcset=\"https:\/\/urk-export.nl\/wp-content\/uploads\/2021\/03\/Rode-Poon_final_S-cropped.png 927w, https:\/\/urk-export.nl\/wp-content\/uploads\/2021\/03\/Rode-Poon_final_S-cropped-300x133.png 300w, https:\/\/urk-export.nl\/wp-content\/uploads\/2021\/03\/Rode-Poon_final_S-cropped-768x341.png 768w\" sizes=\"(max-width: 927px) 100vw, 927px\" \/><\/figure>\n<\/div><\/div><\/div><\/div><\/div>\n<\/div><\/div><\/div><\/div>\n\n<div class=\"alignfull wp-block-ugb-container ugb-container ugb-3387b3f ugb-container--v2 ugb-container--design-plain ugb-main-block ugb-main-block--inner-center ugb--has-block-background ugb--has-background-overlay\"><style>.ugb-3387b3f.ugb-container{background-image:url(https:\/\/urk-export.nl\/wp-content\/uploads\/2021\/03\/blauw-ding.png)}.ugb-3387b3f.ugb-container:before{opacity:0.5}@media screen and (min-width:768px){.ugb-3387b3f.ugb-container{margin-top:-100px !important;margin-bottom:20px !important;padding-top:150px !important;padding-right:0px !important;padding-bottom:190px !important;padding-left:0px !important}}@media screen and (max-width:768px){.ugb-3387b3f.ugb-container{margin-top:-300px !important;margin-bottom:-200px !important;padding-top:400px !important;padding-right:0px !important;padding-bottom:300px !important;padding-left:0px !important}}<\/style><div class=\"ugb-inner-block ugb-inner-block--center\"><div class=\"ugb-block-content\"><div class=\"ugb-container__wrapper ugb-3387b3f-wrapper\"><div class=\"ugb-container__side\"><div class=\"ugb-container__content-wrapper ugb-3387b3f-content-wrapper\">\n<div class=\"wp-block-ugb-heading ugb-heading ugb-efbfe0b ugb-main-block\"><style>.ugb-efbfe0b .ugb-heading__title{color:var(--theme-palette-color-3,#ffffff)}.ugb-efbfe0b .ugb-heading__subtitle{color:var(--theme-palette-color-3,#ffffff)}<\/style><div class=\"ugb-inner-block\"><div class=\"ugb-block-content\"><h2 class=\"ugb-heading__title\">Emballage<\/h2><p class=\"ugb-heading__subtitle\">Bien s\u00fbr, il existe plusieurs options en termes d&#8217;emballage<\/p><\/div><\/div><\/div>\n\n\n\n<div class=\"wp-block-ugb-columns ugb-columns ugb-8a48fd8 ugb-columns--design-plain ugb-columns--columns-4 ugb-main-block ugb--has-custom-content-width-mobile\"><style>@media screen and (max-width:768px){.ugb-8a48fd8.ugb-columns > .ugb-inner-block{max-width:100% !important}}<\/style><div class=\"ugb-inner-block\"><div class=\"ugb-block-content\"><div class=\"ugb-columns__item ugb-8a48fd8-content-wrapper\">\n<div class=\"wp-block-ugb-column ugb-column ugb-144a06b ugb-column--design-plain ugb-main-block\"><style>@media screen and (min-width:768px){.ugb-144a06b.ugb-column{margin-bottom:0px !important}}<\/style><div class=\"ugb-inner-block\"><div class=\"ugb-block-content\"><div class=\"ugb-column__item ugb-144a06b-column-wrapper\"><div class=\"ugb-column__content-wrapper\">\n<div class=\"wp-block-ugb-image-box ugb-image-box ugb-a8b6f62 ugb-image-box--v4 ugb-image-box--columns-1 ugb-image-box--design-basic ugb-main-block\"><style>.ugb-a8b6f62 .ugb-image-box__box{border-radius:0px !important}.ugb-a8b6f62 .ugb-image-box__item{height:200px !important}.ugb-a8b6f62 .ugb-image-box__item1 .ugb-image-box__image{background-image:url(https:\/\/urk-export.nl\/wp-content\/uploads\/2021\/03\/Rode-Poon_final_S.png)}.ugb-a8b6f62 .ugb-image-box__image{background-position:center center !important;background-repeat:no-repeat !important}@media screen and (min-width:768px){.ugb-a8b6f62.ugb-image-box{margin-bottom:0px !important}}<\/style><style>.ugb-a8b6f62.ugb-image-box .ugb-image-box__item{background-color:rgba(255,255,255,0) !important}.ugb-a8b6f62.ugb-image-box .ugb-image-box__image{background-size:contain !important}<\/style><div class=\"ugb-inner-block\"><div class=\"ugb-block-content\"><div class=\"ugb-image-box__item ugb-image-box__item1 ugb-image-box__box ugb--shadow-0\"><div class=\"ugb-image-box__box ugb-image-box__image-wrapper\"><div class=\"ugb-image-box__box ugb-image-box__image\"><\/div><\/div><div class=\"ugb-image-box__content\"><\/div><\/div><\/div><\/div><\/div>\n<\/div><\/div><\/div><\/div><\/div>\n\n\n\n<div class=\"wp-block-ugb-column ugb-column ugb-9c2e502 ugb-column--design-plain ugb-main-block\"><style>@media screen and (min-width:768px){.ugb-9c2e502.ugb-column{margin-bottom:0px !important}}<\/style><div class=\"ugb-inner-block\"><div class=\"ugb-block-content\"><div class=\"ugb-column__item ugb-9c2e502-column-wrapper\"><div class=\"ugb-column__content-wrapper\">\n<div class=\"wp-block-ugb-image-box ugb-image-box ugb-6259111 ugb-image-box--v4 ugb-image-box--columns-1 ugb-image-box--design-basic ugb-main-block\"><style>.ugb-6259111 .ugb-image-box__box{border-radius:0px !important}.ugb-6259111 .ugb-image-box__item{height:200px !important}.ugb-6259111 .ugb-image-box__item1 .ugb-image-box__image{background-image:url(https:\/\/urk-export.nl\/wp-content\/uploads\/2021\/03\/Rode-Poon_final_S.png)}.ugb-6259111 .ugb-image-box__image{background-position:center center !important;background-repeat:no-repeat !important}@media screen and (min-width:768px){.ugb-6259111.ugb-image-box{margin-bottom:0px !important}}<\/style><style>.ugb-6259111.ugb-image-box .ugb-image-box__item{background-color:rgba(255,255,255,0) !important}.ugb-6259111.ugb-image-box .ugb-image-box__image{background-size:contain !important}<\/style><div class=\"ugb-inner-block\"><div class=\"ugb-block-content\"><div class=\"ugb-image-box__item ugb-image-box__item1 ugb-image-box__box ugb--shadow-0\"><div class=\"ugb-image-box__box ugb-image-box__image-wrapper\"><div class=\"ugb-image-box__box ugb-image-box__image\"><\/div><\/div><div class=\"ugb-image-box__content\"><\/div><\/div><\/div><\/div><\/div>\n<\/div><\/div><\/div><\/div><\/div>\n\n\n\n<div class=\"wp-block-ugb-column ugb-column ugb-b55ab7b ugb-column--design-plain ugb-main-block\"><style>@media screen and (min-width:768px){.ugb-b55ab7b.ugb-column{margin-bottom:0px !important}}<\/style><div class=\"ugb-inner-block\"><div class=\"ugb-block-content\"><div class=\"ugb-column__item ugb-b55ab7b-column-wrapper\"><div class=\"ugb-column__content-wrapper\">\n<div class=\"wp-block-ugb-image-box ugb-image-box ugb-a68170f ugb-image-box--v4 ugb-image-box--columns-1 ugb-image-box--design-basic ugb-main-block\"><style>.ugb-a68170f .ugb-image-box__box{border-radius:0px !important}.ugb-a68170f .ugb-image-box__item{height:200px !important}.ugb-a68170f .ugb-image-box__item1 .ugb-image-box__image{background-image:url(https:\/\/urk-export.nl\/wp-content\/uploads\/2021\/03\/Rode-Poon_final_S.png)}.ugb-a68170f .ugb-image-box__image{background-position:center center !important;background-repeat:no-repeat !important}@media screen and (min-width:768px){.ugb-a68170f.ugb-image-box{margin-bottom:0px !important}}<\/style><style>.ugb-a68170f.ugb-image-box .ugb-image-box__image{background-size:contain !important}.ugb-a68170f.ugb-image-box .ugb-image-box__item{background-color:rgba(255,255,255,0) !important}<\/style><div class=\"ugb-inner-block\"><div class=\"ugb-block-content\"><div class=\"ugb-image-box__item ugb-image-box__item1 ugb-image-box__box ugb--shadow-0\"><div class=\"ugb-image-box__box ugb-image-box__image-wrapper\"><div class=\"ugb-image-box__box ugb-image-box__image\"><\/div><\/div><div class=\"ugb-image-box__content\"><\/div><\/div><\/div><\/div><\/div>\n<\/div><\/div><\/div><\/div><\/div>\n\n\n\n<div class=\"wp-block-ugb-column ugb-column ugb-4f89ea8 ugb-column--design-plain ugb-main-block\"><style>@media screen and (min-width:768px){.ugb-4f89ea8.ugb-column{margin-bottom:-1px !important}}<\/style><div class=\"ugb-inner-block\"><div class=\"ugb-block-content\"><div class=\"ugb-column__item ugb-4f89ea8-column-wrapper\"><div class=\"ugb-column__content-wrapper\">\n<div class=\"wp-block-ugb-image-box ugb-image-box ugb-83e9f76 ugb-image-box--v4 ugb-image-box--columns-1 ugb-image-box--design-basic ugb-main-block\"><style>.ugb-83e9f76 .ugb-image-box__box{border-radius:0px !important}.ugb-83e9f76 .ugb-image-box__item{height:200px !important}.ugb-83e9f76 .ugb-image-box__item1 .ugb-image-box__image{background-image:url(https:\/\/urk-export.nl\/wp-content\/uploads\/2021\/03\/Rode-Poon_final_S.png)}.ugb-83e9f76 .ugb-image-box__image{background-position:center center !important;background-repeat:no-repeat !important}@media screen and (min-width:768px){.ugb-83e9f76.ugb-image-box{margin-bottom:0px !important}}<\/style><style>.ugb-83e9f76.ugb-image-box .ugb-image-box__image{background-size:contain !important}.ugb-83e9f76.ugb-image-box .ugb-image-box__item{background-color:rgba(255,255,255,0) !important}<\/style><div class=\"ugb-inner-block\"><div class=\"ugb-block-content\"><div class=\"ugb-image-box__item ugb-image-box__item1 ugb-image-box__box ugb--shadow-0\"><div class=\"ugb-image-box__box ugb-image-box__image-wrapper\"><div class=\"ugb-image-box__box ugb-image-box__image\"><\/div><\/div><div class=\"ugb-image-box__content\"><\/div><\/div><\/div><\/div><\/div>\n<\/div><\/div><\/div><\/div><\/div>\n<\/div><\/div><\/div><\/div>\n<\/div><\/div><\/div><\/div><\/div><\/div>\n","protected":false},"excerpt":{"rendered":"<p>Traitement Urk-Export dispose d&rsquo;installations de production modernes. Outre la ligne de filetage du saumon mentionn\u00e9e ci-dessus, nous sommes \u00e9galement en mesure de fileter la plie et la limande pour en faire de beaux produits finis. Nous disposons ainsi d&rsquo;une large gamme de produits. Nos processus de production sont en d\u00e9veloppement constant pour r\u00e9pondre \u00e0 toutes [&hellip;]<\/p>\n","protected":false},"author":2,"featured_media":0,"parent":0,"menu_order":0,"comment_status":"closed","ping_status":"closed","template":"","meta":{"_acf_changed":false,"_monsterinsights_skip_tracking":false,"_monsterinsights_sitenote_active":false,"_monsterinsights_sitenote_note":"","_monsterinsights_sitenote_category":0,"footnotes":""},"class_list":["post-3483","page","type-page","status-publish","hentry"],"blocksy_meta":{"styles_descriptor":{"styles":{"desktop":"","tablet":"","mobile":""},"google_fonts":[],"version":6}},"acf":[],"featured_image_urls_v2":{"full":"","thumbnail":"","medium":"","medium_large":"","large":"","1536x1536":"","2048x2048":"","gform-image-choice-sm":"","gform-image-choice-md":"","gform-image-choice-lg":""},"post_excerpt_stackable_v2":"<p>TraitementUrk-Export dispose d&rsquo;installations de production modernes. Outre la ligne de filetage du saumon mentionn\u00e9e ci-dessus, nous sommes \u00e9galement en mesure de fileter la plie et la limande pour en faire de beaux produits finis. Nous disposons ainsi d&rsquo;une large gamme de produits.Nos processus de production sont en d\u00e9veloppement constant pour r\u00e9pondre \u00e0 toutes les exigences de traitement et d&#8217;emballage de nos clients. Bien entendu, nous travaillons selon les derni\u00e8res exigences en mati\u00e8re de qualit\u00e9 et d&rsquo;hygi\u00e8ne et sommes certifi\u00e9s IFS (niveau sup\u00e9rieur). Nous offrons \u00e9galement \u00e0 nos clients le choix de fournir le filet de plie par grammage, ce qui\u2026<\/p>\n","category_list_v2":"","author_info_v2":{"name":"Spikker","url":"https:\/\/urk-export.nl\/fr\/author\/spikker\/"},"comments_num_v2":"0 commentaire","yoast_head":"<!-- This site is optimized with the Yoast SEO plugin v27.4 - https:\/\/yoast.com\/product\/yoast-seo-wordpress\/ -->\n<title>Transport - Urk-Export<\/title>\n<meta name=\"robots\" content=\"index, follow, max-snippet:-1, max-image-preview:large, max-video-preview:-1\" \/>\n<link rel=\"canonical\" href=\"https:\/\/urk-export.nl\/fr\/transport\/\" \/>\n<script type=\"application\/ld+json\" class=\"yoast-schema-graph\">{\"@context\":\"https:\\\/\\\/schema.org\",\"@graph\":[{\"@type\":\"WebPage\",\"@id\":\"https:\\\/\\\/urk-export.nl\\\/fr\\\/transport\\\/\",\"url\":\"https:\\\/\\\/urk-export.nl\\\/fr\\\/transport\\\/\",\"name\":\"Transport - Urk-Export\",\"isPartOf\":{\"@id\":\"https:\\\/\\\/urk-export.nl\\\/fr\\\/#website\"},\"primaryImageOfPage\":{\"@id\":\"https:\\\/\\\/urk-export.nl\\\/fr\\\/transport\\\/#primaryimage\"},\"image\":{\"@id\":\"https:\\\/\\\/urk-export.nl\\\/fr\\\/transport\\\/#primaryimage\"},\"thumbnailUrl\":\"https:\\\/\\\/urk-export.nl\\\/wp-content\\\/uploads\\\/2021\\\/03\\\/Rode-Poon_final_S-cropped.png\",\"datePublished\":\"2022-11-21T11:18:57+00:00\",\"breadcrumb\":{\"@id\":\"https:\\\/\\\/urk-export.nl\\\/fr\\\/transport\\\/#breadcrumb\"},\"inLanguage\":\"fr-FR\",\"potentialAction\":[{\"@type\":\"ReadAction\",\"target\":[\"https:\\\/\\\/urk-export.nl\\\/fr\\\/transport\\\/\"]}]},{\"@type\":\"ImageObject\",\"inLanguage\":\"fr-FR\",\"@id\":\"https:\\\/\\\/urk-export.nl\\\/fr\\\/transport\\\/#primaryimage\",\"url\":\"https:\\\/\\\/urk-export.nl\\\/wp-content\\\/uploads\\\/2021\\\/03\\\/Rode-Poon_final_S-cropped.png\",\"contentUrl\":\"https:\\\/\\\/urk-export.nl\\\/wp-content\\\/uploads\\\/2021\\\/03\\\/Rode-Poon_final_S-cropped.png\"},{\"@type\":\"BreadcrumbList\",\"@id\":\"https:\\\/\\\/urk-export.nl\\\/fr\\\/transport\\\/#breadcrumb\",\"itemListElement\":[{\"@type\":\"ListItem\",\"position\":1,\"name\":\"Home\",\"item\":\"https:\\\/\\\/urk-export.nl\\\/fr\\\/\"},{\"@type\":\"ListItem\",\"position\":2,\"name\":\"Transport\"}]},{\"@type\":\"WebSite\",\"@id\":\"https:\\\/\\\/urk-export.nl\\\/fr\\\/#website\",\"url\":\"https:\\\/\\\/urk-export.nl\\\/fr\\\/\",\"name\":\"Urk-Export\",\"description\":\"\",\"publisher\":{\"@id\":\"https:\\\/\\\/urk-export.nl\\\/fr\\\/#organization\"},\"potentialAction\":[{\"@type\":\"SearchAction\",\"target\":{\"@type\":\"EntryPoint\",\"urlTemplate\":\"https:\\\/\\\/urk-export.nl\\\/fr\\\/?s={search_term_string}\"},\"query-input\":{\"@type\":\"PropertyValueSpecification\",\"valueRequired\":true,\"valueName\":\"search_term_string\"}}],\"inLanguage\":\"fr-FR\"},{\"@type\":\"Organization\",\"@id\":\"https:\\\/\\\/urk-export.nl\\\/fr\\\/#organization\",\"name\":\"Urk-Export\",\"url\":\"https:\\\/\\\/urk-export.nl\\\/fr\\\/\",\"logo\":{\"@type\":\"ImageObject\",\"inLanguage\":\"fr-FR\",\"@id\":\"https:\\\/\\\/urk-export.nl\\\/fr\\\/#\\\/schema\\\/logo\\\/image\\\/\",\"url\":\"https:\\\/\\\/urk-export.nl\\\/wp-content\\\/uploads\\\/2021\\\/03\\\/Urk-Export_fc.svg\",\"contentUrl\":\"https:\\\/\\\/urk-export.nl\\\/wp-content\\\/uploads\\\/2021\\\/03\\\/Urk-Export_fc.svg\",\"width\":337,\"height\":92,\"caption\":\"Urk-Export\"},\"image\":{\"@id\":\"https:\\\/\\\/urk-export.nl\\\/fr\\\/#\\\/schema\\\/logo\\\/image\\\/\"},\"sameAs\":[\"https:\\\/\\\/www.facebook.com\\\/urkexportbv\",\"https:\\\/\\\/www.linkedin.com\\\/company\\\/urk-export\\\/mycompany\\\/\",\"https:\\\/\\\/www.instagram.com\\\/urkexportbv\\\/\"]}]}<\/script>\n<!-- \/ Yoast SEO plugin. -->","yoast_head_json":{"title":"Transport - Urk-Export","robots":{"index":"index","follow":"follow","max-snippet":"max-snippet:-1","max-image-preview":"max-image-preview:large","max-video-preview":"max-video-preview:-1"},"canonical":"https:\/\/urk-export.nl\/fr\/transport\/","schema":{"@context":"https:\/\/schema.org","@graph":[{"@type":"WebPage","@id":"https:\/\/urk-export.nl\/fr\/transport\/","url":"https:\/\/urk-export.nl\/fr\/transport\/","name":"Transport - Urk-Export","isPartOf":{"@id":"https:\/\/urk-export.nl\/fr\/#website"},"primaryImageOfPage":{"@id":"https:\/\/urk-export.nl\/fr\/transport\/#primaryimage"},"image":{"@id":"https:\/\/urk-export.nl\/fr\/transport\/#primaryimage"},"thumbnailUrl":"https:\/\/urk-export.nl\/wp-content\/uploads\/2021\/03\/Rode-Poon_final_S-cropped.png","datePublished":"2022-11-21T11:18:57+00:00","breadcrumb":{"@id":"https:\/\/urk-export.nl\/fr\/transport\/#breadcrumb"},"inLanguage":"fr-FR","potentialAction":[{"@type":"ReadAction","target":["https:\/\/urk-export.nl\/fr\/transport\/"]}]},{"@type":"ImageObject","inLanguage":"fr-FR","@id":"https:\/\/urk-export.nl\/fr\/transport\/#primaryimage","url":"https:\/\/urk-export.nl\/wp-content\/uploads\/2021\/03\/Rode-Poon_final_S-cropped.png","contentUrl":"https:\/\/urk-export.nl\/wp-content\/uploads\/2021\/03\/Rode-Poon_final_S-cropped.png"},{"@type":"BreadcrumbList","@id":"https:\/\/urk-export.nl\/fr\/transport\/#breadcrumb","itemListElement":[{"@type":"ListItem","position":1,"name":"Home","item":"https:\/\/urk-export.nl\/fr\/"},{"@type":"ListItem","position":2,"name":"Transport"}]},{"@type":"WebSite","@id":"https:\/\/urk-export.nl\/fr\/#website","url":"https:\/\/urk-export.nl\/fr\/","name":"Urk-Export","description":"","publisher":{"@id":"https:\/\/urk-export.nl\/fr\/#organization"},"potentialAction":[{"@type":"SearchAction","target":{"@type":"EntryPoint","urlTemplate":"https:\/\/urk-export.nl\/fr\/?s={search_term_string}"},"query-input":{"@type":"PropertyValueSpecification","valueRequired":true,"valueName":"search_term_string"}}],"inLanguage":"fr-FR"},{"@type":"Organization","@id":"https:\/\/urk-export.nl\/fr\/#organization","name":"Urk-Export","url":"https:\/\/urk-export.nl\/fr\/","logo":{"@type":"ImageObject","inLanguage":"fr-FR","@id":"https:\/\/urk-export.nl\/fr\/#\/schema\/logo\/image\/","url":"https:\/\/urk-export.nl\/wp-content\/uploads\/2021\/03\/Urk-Export_fc.svg","contentUrl":"https:\/\/urk-export.nl\/wp-content\/uploads\/2021\/03\/Urk-Export_fc.svg","width":337,"height":92,"caption":"Urk-Export"},"image":{"@id":"https:\/\/urk-export.nl\/fr\/#\/schema\/logo\/image\/"},"sameAs":["https:\/\/www.facebook.com\/urkexportbv","https:\/\/www.linkedin.com\/company\/urk-export\/mycompany\/","https:\/\/www.instagram.com\/urkexportbv\/"]}]}},"_links":{"self":[{"href":"https:\/\/urk-export.nl\/fr\/wp-json\/wp\/v2\/pages\/3483","targetHints":{"allow":["GET"]}}],"collection":[{"href":"https:\/\/urk-export.nl\/fr\/wp-json\/wp\/v2\/pages"}],"about":[{"href":"https:\/\/urk-export.nl\/fr\/wp-json\/wp\/v2\/types\/page"}],"author":[{"embeddable":true,"href":"https:\/\/urk-export.nl\/fr\/wp-json\/wp\/v2\/users\/2"}],"replies":[{"embeddable":true,"href":"https:\/\/urk-export.nl\/fr\/wp-json\/wp\/v2\/comments?post=3483"}],"version-history":[{"count":1,"href":"https:\/\/urk-export.nl\/fr\/wp-json\/wp\/v2\/pages\/3483\/revisions"}],"predecessor-version":[{"id":3487,"href":"https:\/\/urk-export.nl\/fr\/wp-json\/wp\/v2\/pages\/3483\/revisions\/3487"}],"wp:attachment":[{"href":"https:\/\/urk-export.nl\/fr\/wp-json\/wp\/v2\/media?parent=3483"}],"curies":[{"name":"wp","href":"https:\/\/api.w.org\/{rel}","templated":true}]}}