{"id":3570,"date":"2022-11-21T12:20:04","date_gmt":"2022-11-21T11:20:04","guid":{"rendered":"https:\/\/urk-export.nl\/poisson-de-la-mer-du-nord\/"},"modified":"2022-11-21T12:20:05","modified_gmt":"2022-11-21T11:20:05","slug":"poisson-de-la-mer-du-nord","status":"publish","type":"page","link":"https:\/\/urk-export.nl\/fr\/poisson-de-la-mer-du-nord\/","title":{"rendered":"Poisson de la mer du Nord"},"content":{"rendered":"\n<div style=\"padding:56.25% 0 0 0;position:relative;width:100vw;max-width:100vw;\"><iframe src=\"https:\/\/player.vimeo.com\/video\/732076949?h=e74a6c6624&#038;background=1&#038;badge=0&#038;autopause=0&#038;player_id=0&#038;app_id=58479&#038;autoplay=1&#038;loop=1&#038;mute=1\" frameborder=\"0\" muted=\"mute\" loop=\"true  \" allow=\"autoplay; fullscreen; picture-in-picture\" allowfullscreen=\"\" style=\"position:absolute;top:0;left:-8px;width:100%;height:100%;\" title=\"Urk export Final.mp4\"><\/iframe><\/div><script src=\"https:\/\/player.vimeo.com\/api\/player.js\"><\/script>\n\n<div style=\"height:100px\" aria-hidden=\"true\" class=\"wp-block-spacer\"><\/div>\n\n<div class=\"wp-block-ugb-container ugb-container ugb-5a8ffe5 ugb-container--v2 ugb-container--design-plain ugb-main-block ugb--has-custom-content-width ugb--has-custom-content-width-tablet\"><style>.ugb-5a8ffe5.ugb-container > .ugb-inner-block{max-width:80% !important}@media screen and (min-width:768px){.ugb-5a8ffe5.ugb-container{margin-top:-60px !important;margin-bottom:0px !important;padding-top:0px !important;padding-bottom:60px !important}}@media screen and (max-width:1025px){.ugb-5a8ffe5.ugb-container > .ugb-inner-block{max-width:100% !important}}@media screen and (max-width:768px){.ugb-5a8ffe5.ugb-container{padding-top:0px !important}}@media screen and (min-width:768px){.ugb-5a8ffe5 > .ugb-inner-block > .ugb-block-content > *{padding-top:0px !important;padding-bottom:0px !important;padding-right:0px !important;padding-left:0px !important}}@media screen and (max-width:768px){.ugb-5a8ffe5 > .ugb-inner-block > .ugb-block-content > *{padding-top:0px !important;padding-right:0px !important;padding-bottom:0px !important;padding-left:0px !important}}<\/style><div class=\"ugb-inner-block\"><div class=\"ugb-block-content\"><div class=\"ugb-container__wrapper ugb-5a8ffe5-wrapper\"><div class=\"ugb-container__side\"><div class=\"ugb-container__content-wrapper ugb-5a8ffe5-content-wrapper\">\n<div class=\"wp-block-ugb-heading ugb-heading ugb-969666c ugb-main-block\"><style>.ugb-969666c .ugb-heading__title{text-align:center}@media screen and (min-width:768px){.ugb-969666c.ugb-heading{margin-bottom:0px !important}}<\/style><div class=\"ugb-inner-block\"><div class=\"ugb-block-content\"><h1 class=\"ugb-heading__title\">Traitement du poisson de la mer du Nord<\/h1><\/div><\/div><\/div>\n<\/div><\/div><\/div><\/div><\/div><\/div>\n\n<div class=\"wp-block-ugb-columns ugb-columns ugb-8690c57 ugb-columns--design-plain ugb-columns--columns-2 ugb-main-block\"><style>.ugb-8690c57-content-wrapper{grid-column-gap:36px !important}@media screen and (min-width:768px){.ugb-8690c57.ugb-columns{margin-bottom:70px !important}}@media screen and (max-width:768px){.ugb-8690c57 > .ugb-inner-block > .ugb-block-content > .ugb-columns__item > .ugb-column:nth-child(2){grid-area:1 !important}.ugb-8690c57 > .ugb-inner-block > .ugb-block-content > .ugb-columns__item > .ugb-column:nth-child(1){grid-area:2 !important}}<\/style><div class=\"ugb-inner-block\"><div class=\"ugb-block-content\"><div class=\"ugb-columns__item ugb-8690c57-content-wrapper\">\n<div class=\"wp-block-ugb-column ugb-column ugb-5366d29 ugb-column--design-plain ugb-main-block\"><style>@media screen and (min-width:768px){.ugb-5366d29.ugb-column{margin-bottom:0px !important;padding-top:5% !important;padding-right:10% !important;padding-bottom:5% !important}.ugb-5366d29 > .ugb-inner-block > .ugb-block-content > *{justify-content:center}}.ugb-5366d29 > .ugb-inner-block > .ugb-block-content > *{justify-content:center !important}<\/style><div class=\"ugb-inner-block\"><div class=\"ugb-block-content\"><div class=\"ugb-column__item ugb-5366d29-column-wrapper\"><div class=\"ugb-column__content-wrapper\">\n<div class=\"wp-block-ugb-heading ugb-heading ugb-134e8dc ugb-main-block\"><style>.ugb-134e8dc .ugb-heading__title{color:var(u002du002dtheme-palette-color-2,#012340)}<\/style><div class=\"ugb-inner-block\"><div class=\"ugb-block-content\"><h2 class=\"ugb-heading__title\">Attrapez<\/h2><\/div><\/div><\/div>\n\n\n\n<div class=\"wp-block-ugb-text ugb-text ugb-3826027 ugb-text--design-plain ugb-text--columns-1 ugb-main-block\"><style>@media screen and (min-width:768px){.ugb-3826027.ugb-text{margin-bottom:0px !important}}<\/style><div class=\"ugb-inner-block\"><div class=\"ugb-block-content\"><div class=\"ugb-text__text-wrapper\"><div class=\"ugb-text__text\"><p class=\"ugb-text__text-1\">Gr\u00e2ce \u00e0 diverses techniques de p\u00eache, du poisson frais est livr\u00e9 chaque semaine aux diff\u00e9rentes cri\u00e9es o\u00f9 Urk-Export ach\u00e8te son poisson. Les m\u00e9thodes de p\u00eache principalement utilis\u00e9es sont la m\u00e9thode du chalut \u00e0 perche, la m\u00e9thode du twinrig et la m\u00e9thode du flyshoot.<\/p><\/div><\/div><\/div><\/div><\/div>\n<\/div><\/div><\/div><\/div><\/div>\n\n\n\n<div class=\"wp-block-ugb-column ugb-column ugb-e134682 ugb-column--design-basic ugb-main-block\"><style>.ugb-e134682-column-wrapper{border-radius:0px !important;background-image:url(https:\/\/urk-export.nl\/wp-content\/uploads\/2022\/07\/shutterstock_561919192.jpg)}.ugb-e134682-column-wrapper:before{opacity:0.5}.ugb-e134682.ugb-column{min-height:485px}@media screen and (min-width:768px){.ugb-e134682.ugb-column{margin-bottom:0px !important}}@media screen and (max-width:1025px){.ugb-e134682.ugb-column{min-height:300px}}@media screen and (min-width:768px) and (max-width:1025px){.ugb-e134682.ugb-column{padding-right:0% !important}}@media screen and (-ms-high-contrast:active),screen and (-ms-high-contrast:none){.ugb-e134682.ugb-column{height:485px}}<\/style><div class=\"ugb-inner-block\"><div class=\"ugb-block-content\"><div class=\"ugb-column__item ugb-e134682-column-wrapper ugb--shadow-0 ugb--has-background-overlay\"><div class=\"ugb-column__content-wrapper\"><\/div><\/div><\/div><\/div><\/div>\n<\/div><\/div><\/div><\/div>\n\n<div class=\"alignfull wp-block-ugb-columns ugb-columns ugb-2df5db0 ugb-columns--design-plain ugb-columns--columns-2 ugb-main-block ugb-main-block--inner-center ugb--has-block-background\"><style>.ugb-2df5db0{padding-left:0 !important;padding-right:0 !important;padding:0 !important}.ugb-2df5db0-content-wrapper{grid-column-gap:36px !important}.ugb-2df5db0.ugb-columns{background-color:var(--theme-palette-color-6,#f2f5f7)}.ugb-2df5db0.ugb-columns:before{background-color:var(--theme-palette-color-6,#f2f5f7)}@media screen and (min-width:768px){.ugb-2df5db0.ugb-columns{padding-top:73px !important;padding-right:0px !important;padding-bottom:73px !important;padding-left:0px !important}}@media screen and (max-width:768px){.ugb-2df5db0.ugb-columns{padding-top:60px !important;padding-right:18px !important;padding-bottom:60px !important;padding-left:18px !important}}<\/style><div class=\"ugb-inner-block ugb-inner-block--center\"><div class=\"ugb-block-content\"><div class=\"ugb-columns__item ugb-2df5db0-content-wrapper\">\n<div class=\"wp-block-ugb-column ugb-column ugb-4bfe999 ugb-column--design-basic ugb-main-block\"><style>.ugb-4bfe999-column-wrapper{border-radius:0px !important;background-image:url(https:\/\/urk-export.nl\/wp-content\/uploads\/2022\/05\/Visafslag.jpg)}.ugb-4bfe999-column-wrapper:before{opacity:0.5}.ugb-4bfe999.ugb-column{min-height:485px}@media screen and (min-width:768px){.ugb-4bfe999.ugb-column{margin-bottom:-1px !important;padding-right:36px !important}}@media screen and (max-width:1025px){.ugb-4bfe999.ugb-column{min-height:300px}}@media screen and (-ms-high-contrast:active),screen and (-ms-high-contrast:none){.ugb-4bfe999.ugb-column{height:485px}}<\/style><div class=\"ugb-inner-block\"><div class=\"ugb-block-content\"><div class=\"ugb-column__item ugb-4bfe999-column-wrapper ugb--shadow-0 ugb--has-background-overlay\"><div class=\"ugb-column__content-wrapper\"><\/div><\/div><\/div><\/div><\/div>\n\n\n\n<div class=\"wp-block-ugb-column ugb-column ugb-13faed9 ugb-column--design-plain ugb-main-block\"><style>@media screen and (min-width:768px){.ugb-13faed9.ugb-column{margin-bottom:0px !important;padding-top:5% !important;padding-right:10% !important;padding-bottom:5% !important}.ugb-13faed9 > .ugb-inner-block > .ugb-block-content > *{justify-content:center}}.ugb-13faed9 > .ugb-inner-block > .ugb-block-content > *{justify-content:center !important}@media screen and (min-width:768px){.ugb-13faed9 > .ugb-inner-block > .ugb-block-content > *{padding-top:0px !important;padding-bottom:0px !important;padding-right:0px !important;padding-left:0px !important}}<\/style><div class=\"ugb-inner-block\"><div class=\"ugb-block-content\"><div class=\"ugb-column__item ugb-13faed9-column-wrapper\"><div class=\"ugb-column__content-wrapper\">\n<div class=\"wp-block-ugb-heading ugb-heading ugb-85d1ddb ugb-main-block\"><style>.ugb-85d1ddb .ugb-heading__title{color:var(u002du002dtheme-palette-color-2,#012340)}@media screen and (min-width:768px){.ugb-85d1ddb.ugb-heading{margin-bottom:0px !important}}@media screen and (max-width:768px){.ugb-85d1ddb .ugb-heading__subtitle{margin-bottom:0px !important}.ugb-85d1ddb.ugb-heading{margin-bottom:0px !important}}<\/style><div class=\"ugb-inner-block\"><div class=\"ugb-block-content\"><h2 class=\"ugb-heading__title\">Approvisionnement<\/h2><p class=\"ugb-heading__subtitle\">Une large <a href=\"https:\/\/urk-export.nl\/producten\/\">gamme<\/a> de produits \u00e0 base de poisson est trait\u00e9e et emball\u00e9e chaque jour sur le site d&rsquo;Urk-Export. Lors de l&rsquo;achat de poisson, une attention particuli\u00e8re est accord\u00e9e \u00e0 la qualit\u00e9 et \u00e0 la fra\u00eecheur des produits. Apr\u00e8s l&rsquo;achat, le poisson est imm\u00e9diatement transport\u00e9 sur le site d&rsquo;Urk-Export, o\u00f9 il est imm\u00e9diatement trait\u00e9 et emball\u00e9 selon les souhaits du client.<\/p><\/div><\/div><\/div>\n<\/div><\/div><\/div><\/div><\/div>\n<\/div><\/div><\/div><\/div>\n\n<div class=\"wp-block-ugb-columns ugb-columns ugb-9749292 ugb-columns--design-plain ugb-columns--columns-2 ugb-main-block\"><style>.ugb-9749292-content-wrapper{grid-column-gap:36px !important}@media screen and (min-width:768px){.ugb-9749292.ugb-columns{margin-top:70px !important;margin-bottom:70px !important}}@media screen and (max-width:768px){.ugb-9749292.ugb-columns{margin-top:70px !important;margin-bottom:70px !important}.ugb-9749292 > .ugb-inner-block > .ugb-block-content > .ugb-columns__item > .ugb-column:nth-child(2){grid-area:1 !important}.ugb-9749292 > .ugb-inner-block > .ugb-block-content > .ugb-columns__item > .ugb-column:nth-child(1){grid-area:2 !important}}<\/style><div class=\"ugb-inner-block\"><div class=\"ugb-block-content\"><div class=\"ugb-columns__item ugb-9749292-content-wrapper\">\n<div class=\"wp-block-ugb-column ugb-column ugb-0fdb74b ugb-column--design-plain ugb-main-block\"><style>@media screen and (min-width:768px){.ugb-0fdb74b.ugb-column{margin-bottom:0px !important;padding-top:5% !important;padding-right:10% !important;padding-bottom:5% !important}.ugb-0fdb74b > .ugb-inner-block > .ugb-block-content > *{justify-content:center}}.ugb-0fdb74b > .ugb-inner-block > .ugb-block-content > *{justify-content:center !important}<\/style><div class=\"ugb-inner-block\"><div class=\"ugb-block-content\"><div class=\"ugb-column__item ugb-0fdb74b-column-wrapper\"><div class=\"ugb-column__content-wrapper\">\n<div class=\"wp-block-ugb-heading ugb-heading ugb-fbed191 ugb-main-block\"><style>.ugb-fbed191 .ugb-heading__title{color:var(u002du002dtheme-palette-color-2,#012340)}<\/style><div class=\"ugb-inner-block\"><div class=\"ugb-block-content\"><h2 class=\"ugb-heading__title\">Emballage<\/h2><\/div><\/div><\/div>\n\n\n\n<div class=\"wp-block-ugb-text ugb-text ugb-4f01eab ugb-text--design-plain ugb-text--columns-1 ugb-main-block\"><style>@media screen and (min-width:768px){.ugb-4f01eab.ugb-text{margin-bottom:0px !important}}@media screen and (max-width:768px){.ugb-4f01eab.ugb-text{margin-bottom:0px !important}}<\/style><div class=\"ugb-inner-block\"><div class=\"ugb-block-content\"><div class=\"ugb-text__text-wrapper\"><div class=\"ugb-text__text\"><p class=\"ugb-text__text-1\">Urk-Export propose diff\u00e9rentes options d&#8217;emballage, qui sont toutes r\u00e9alis\u00e9es en fonction des exigences du client :  <br><br>&#8211; En vrac<br>&#8211; Petit emballage  <br>&#8211; Paquet de cha\u00eenes<br>&#8211; Sacs<br>&#8211; Emballage de cong\u00e9lation en carton<\/p><\/div><\/div><\/div><\/div><\/div>\n<\/div><\/div><\/div><\/div><\/div>\n\n\n\n<div class=\"wp-block-ugb-column ugb-column ugb-c2ec1c0 ugb-column--design-basic ugb-main-block\"><style>.ugb-c2ec1c0-column-wrapper{border-radius:0px !important;background-image:url(https:\/\/urk-export.nl\/wp-content\/uploads\/2022\/05\/Hele-video.00_02_47_02.Still042.png)}.ugb-c2ec1c0-column-wrapper:before{opacity:0.5}.ugb-c2ec1c0.ugb-column{min-height:485px}@media screen and (min-width:768px){.ugb-c2ec1c0.ugb-column{margin-bottom:0px !important}}@media screen and (max-width:1025px){.ugb-c2ec1c0.ugb-column{min-height:300px}}@media screen and (min-width:768px) and (max-width:1025px){.ugb-c2ec1c0.ugb-column{padding-right:0% !important}}@media screen and (-ms-high-contrast:active),screen and (-ms-high-contrast:none){.ugb-c2ec1c0.ugb-column{height:485px}}<\/style><div class=\"ugb-inner-block\"><div class=\"ugb-block-content\"><div class=\"ugb-column__item ugb-c2ec1c0-column-wrapper ugb--shadow-0 ugb--has-background-overlay\"><div class=\"ugb-column__content-wrapper\"><\/div><\/div><\/div><\/div><\/div>\n<\/div><\/div><\/div><\/div>\n","protected":false},"excerpt":{"rendered":"<p>Traitement du poisson de la mer du Nord Attrapez Gr\u00e2ce \u00e0 diverses techniques de p\u00eache, du poisson frais est livr\u00e9 chaque semaine aux diff\u00e9rentes cri\u00e9es o\u00f9 Urk-Export ach\u00e8te son poisson. Les m\u00e9thodes de p\u00eache principalement utilis\u00e9es sont la m\u00e9thode du chalut \u00e0 perche, la m\u00e9thode du twinrig et la m\u00e9thode du flyshoot. Approvisionnement Une large [&hellip;]<\/p>\n","protected":false},"author":2,"featured_media":3251,"parent":0,"menu_order":0,"comment_status":"closed","ping_status":"closed","template":"","meta":{"_acf_changed":false,"_monsterinsights_skip_tracking":false,"_monsterinsights_sitenote_active":false,"_monsterinsights_sitenote_note":"","_monsterinsights_sitenote_category":0,"footnotes":""},"class_list":["post-3570","page","type-page","status-publish","has-post-thumbnail","hentry"],"blocksy_meta":{"styles_descriptor":{"styles":{"desktop":"","tablet":"","mobile":""},"google_fonts":[],"version":6}},"acf":[],"featured_image_urls_v2":{"full":["https:\/\/urk-export.nl\/wp-content\/uploads\/2020\/11\/Kopie-van-pexels-photo-3184315.jpg",2000,1000,false],"thumbnail":["https:\/\/urk-export.nl\/wp-content\/uploads\/2020\/11\/Kopie-van-pexels-photo-3184315-150x150.jpg",150,150,true],"medium":["https:\/\/urk-export.nl\/wp-content\/uploads\/2020\/11\/Kopie-van-pexels-photo-3184315-300x150.jpg",300,150,true],"medium_large":["https:\/\/urk-export.nl\/wp-content\/uploads\/2020\/11\/Kopie-van-pexels-photo-3184315-768x384.jpg",768,384,true],"large":["https:\/\/urk-export.nl\/wp-content\/uploads\/2020\/11\/Kopie-van-pexels-photo-3184315-1024x512.jpg",1024,512,true],"1536x1536":["https:\/\/urk-export.nl\/wp-content\/uploads\/2020\/11\/Kopie-van-pexels-photo-3184315-1536x768.jpg",1536,768,true],"2048x2048":["https:\/\/urk-export.nl\/wp-content\/uploads\/2020\/11\/Kopie-van-pexels-photo-3184315.jpg",2000,1000,false],"gform-image-choice-sm":["https:\/\/urk-export.nl\/wp-content\/uploads\/2020\/11\/Kopie-van-pexels-photo-3184315.jpg",300,150,false],"gform-image-choice-md":["https:\/\/urk-export.nl\/wp-content\/uploads\/2020\/11\/Kopie-van-pexels-photo-3184315.jpg",400,200,false],"gform-image-choice-lg":["https:\/\/urk-export.nl\/wp-content\/uploads\/2020\/11\/Kopie-van-pexels-photo-3184315.jpg",600,300,false]},"post_excerpt_stackable_v2":"<p>Traitement du poisson de la mer du Nord Attrapez Gr\u00e2ce \u00e0 diverses techniques de p\u00eache, du poisson frais est livr\u00e9 chaque semaine aux diff\u00e9rentes cri\u00e9es o\u00f9 Urk-Export ach\u00e8te son poisson. Les m\u00e9thodes de p\u00eache principalement utilis\u00e9es sont la m\u00e9thode du chalut \u00e0 perche, la m\u00e9thode du twinrig et la m\u00e9thode du flyshoot. ApprovisionnementUne large gamme de produits \u00e0 base de poisson est trait\u00e9e et emball\u00e9e chaque jour sur le site d&rsquo;Urk-Export. Lors de l&rsquo;achat de poisson, une attention particuli\u00e8re est accord\u00e9e \u00e0 la qualit\u00e9 et \u00e0 la fra\u00eecheur des produits. Apr\u00e8s l&rsquo;achat, le poisson est imm\u00e9diatement transport\u00e9 sur le site\u2026<\/p>\n","category_list_v2":"","author_info_v2":{"name":"Spikker","url":"https:\/\/urk-export.nl\/fr\/author\/spikker\/"},"comments_num_v2":"0 commentaire","yoast_head":"<!-- This site is optimized with the Yoast SEO plugin v27.5 - https:\/\/yoast.com\/product\/yoast-seo-wordpress\/ -->\n<title>Poisson de la mer du Nord - Urk-Export<\/title>\n<meta name=\"robots\" content=\"index, follow, max-snippet:-1, max-image-preview:large, max-video-preview:-1\" \/>\n<link rel=\"canonical\" href=\"https:\/\/urk-export.nl\/fr\/poisson-de-la-mer-du-nord\/\" \/>\n<script type=\"application\/ld+json\" class=\"yoast-schema-graph\">{\"@context\":\"https:\\\/\\\/schema.org\",\"@graph\":[{\"@type\":\"WebPage\",\"@id\":\"https:\\\/\\\/urk-export.nl\\\/fr\\\/poisson-de-la-mer-du-nord\\\/\",\"url\":\"https:\\\/\\\/urk-export.nl\\\/fr\\\/poisson-de-la-mer-du-nord\\\/\",\"name\":\"Poisson de la mer du Nord - Urk-Export\",\"isPartOf\":{\"@id\":\"https:\\\/\\\/urk-export.nl\\\/fr\\\/#website\"},\"primaryImageOfPage\":{\"@id\":\"https:\\\/\\\/urk-export.nl\\\/fr\\\/poisson-de-la-mer-du-nord\\\/#primaryimage\"},\"image\":{\"@id\":\"https:\\\/\\\/urk-export.nl\\\/fr\\\/poisson-de-la-mer-du-nord\\\/#primaryimage\"},\"thumbnailUrl\":\"https:\\\/\\\/urk-export.nl\\\/wp-content\\\/uploads\\\/2020\\\/11\\\/Kopie-van-pexels-photo-3184315.jpg\",\"datePublished\":\"2022-11-21T11:20:04+00:00\",\"dateModified\":\"2022-11-21T11:20:05+00:00\",\"breadcrumb\":{\"@id\":\"https:\\\/\\\/urk-export.nl\\\/fr\\\/poisson-de-la-mer-du-nord\\\/#breadcrumb\"},\"inLanguage\":\"fr-FR\",\"potentialAction\":[{\"@type\":\"ReadAction\",\"target\":[\"https:\\\/\\\/urk-export.nl\\\/fr\\\/poisson-de-la-mer-du-nord\\\/\"]}]},{\"@type\":\"ImageObject\",\"inLanguage\":\"fr-FR\",\"@id\":\"https:\\\/\\\/urk-export.nl\\\/fr\\\/poisson-de-la-mer-du-nord\\\/#primaryimage\",\"url\":\"https:\\\/\\\/urk-export.nl\\\/wp-content\\\/uploads\\\/2020\\\/11\\\/Kopie-van-pexels-photo-3184315.jpg\",\"contentUrl\":\"https:\\\/\\\/urk-export.nl\\\/wp-content\\\/uploads\\\/2020\\\/11\\\/Kopie-van-pexels-photo-3184315.jpg\",\"width\":2000,\"height\":1000},{\"@type\":\"BreadcrumbList\",\"@id\":\"https:\\\/\\\/urk-export.nl\\\/fr\\\/poisson-de-la-mer-du-nord\\\/#breadcrumb\",\"itemListElement\":[{\"@type\":\"ListItem\",\"position\":1,\"name\":\"Home\",\"item\":\"https:\\\/\\\/urk-export.nl\\\/fr\\\/\"},{\"@type\":\"ListItem\",\"position\":2,\"name\":\"Traitement\",\"item\":\"https:\\\/\\\/urk-export.nl\\\/fr\\\/traitement\\\/\"},{\"@type\":\"ListItem\",\"position\":3,\"name\":\"Poisson de la mer du Nord\"}]},{\"@type\":\"WebSite\",\"@id\":\"https:\\\/\\\/urk-export.nl\\\/fr\\\/#website\",\"url\":\"https:\\\/\\\/urk-export.nl\\\/fr\\\/\",\"name\":\"Urk-Export\",\"description\":\"\",\"publisher\":{\"@id\":\"https:\\\/\\\/urk-export.nl\\\/fr\\\/#organization\"},\"potentialAction\":[{\"@type\":\"SearchAction\",\"target\":{\"@type\":\"EntryPoint\",\"urlTemplate\":\"https:\\\/\\\/urk-export.nl\\\/fr\\\/?s={search_term_string}\"},\"query-input\":{\"@type\":\"PropertyValueSpecification\",\"valueRequired\":true,\"valueName\":\"search_term_string\"}}],\"inLanguage\":\"fr-FR\"},{\"@type\":\"Organization\",\"@id\":\"https:\\\/\\\/urk-export.nl\\\/fr\\\/#organization\",\"name\":\"Urk-Export\",\"url\":\"https:\\\/\\\/urk-export.nl\\\/fr\\\/\",\"logo\":{\"@type\":\"ImageObject\",\"inLanguage\":\"fr-FR\",\"@id\":\"https:\\\/\\\/urk-export.nl\\\/fr\\\/#\\\/schema\\\/logo\\\/image\\\/\",\"url\":\"https:\\\/\\\/urk-export.nl\\\/wp-content\\\/uploads\\\/2021\\\/03\\\/Urk-Export_fc.svg\",\"contentUrl\":\"https:\\\/\\\/urk-export.nl\\\/wp-content\\\/uploads\\\/2021\\\/03\\\/Urk-Export_fc.svg\",\"width\":337,\"height\":92,\"caption\":\"Urk-Export\"},\"image\":{\"@id\":\"https:\\\/\\\/urk-export.nl\\\/fr\\\/#\\\/schema\\\/logo\\\/image\\\/\"},\"sameAs\":[\"https:\\\/\\\/www.facebook.com\\\/urkexportbv\",\"https:\\\/\\\/www.linkedin.com\\\/company\\\/urk-export\\\/mycompany\\\/\",\"https:\\\/\\\/www.instagram.com\\\/urkexportbv\\\/\"]}]}<\/script>\n<!-- \/ Yoast SEO plugin. -->","yoast_head_json":{"title":"Poisson de la mer du Nord - Urk-Export","robots":{"index":"index","follow":"follow","max-snippet":"max-snippet:-1","max-image-preview":"max-image-preview:large","max-video-preview":"max-video-preview:-1"},"canonical":"https:\/\/urk-export.nl\/fr\/poisson-de-la-mer-du-nord\/","schema":{"@context":"https:\/\/schema.org","@graph":[{"@type":"WebPage","@id":"https:\/\/urk-export.nl\/fr\/poisson-de-la-mer-du-nord\/","url":"https:\/\/urk-export.nl\/fr\/poisson-de-la-mer-du-nord\/","name":"Poisson de la mer du Nord - Urk-Export","isPartOf":{"@id":"https:\/\/urk-export.nl\/fr\/#website"},"primaryImageOfPage":{"@id":"https:\/\/urk-export.nl\/fr\/poisson-de-la-mer-du-nord\/#primaryimage"},"image":{"@id":"https:\/\/urk-export.nl\/fr\/poisson-de-la-mer-du-nord\/#primaryimage"},"thumbnailUrl":"https:\/\/urk-export.nl\/wp-content\/uploads\/2020\/11\/Kopie-van-pexels-photo-3184315.jpg","datePublished":"2022-11-21T11:20:04+00:00","dateModified":"2022-11-21T11:20:05+00:00","breadcrumb":{"@id":"https:\/\/urk-export.nl\/fr\/poisson-de-la-mer-du-nord\/#breadcrumb"},"inLanguage":"fr-FR","potentialAction":[{"@type":"ReadAction","target":["https:\/\/urk-export.nl\/fr\/poisson-de-la-mer-du-nord\/"]}]},{"@type":"ImageObject","inLanguage":"fr-FR","@id":"https:\/\/urk-export.nl\/fr\/poisson-de-la-mer-du-nord\/#primaryimage","url":"https:\/\/urk-export.nl\/wp-content\/uploads\/2020\/11\/Kopie-van-pexels-photo-3184315.jpg","contentUrl":"https:\/\/urk-export.nl\/wp-content\/uploads\/2020\/11\/Kopie-van-pexels-photo-3184315.jpg","width":2000,"height":1000},{"@type":"BreadcrumbList","@id":"https:\/\/urk-export.nl\/fr\/poisson-de-la-mer-du-nord\/#breadcrumb","itemListElement":[{"@type":"ListItem","position":1,"name":"Home","item":"https:\/\/urk-export.nl\/fr\/"},{"@type":"ListItem","position":2,"name":"Traitement","item":"https:\/\/urk-export.nl\/fr\/traitement\/"},{"@type":"ListItem","position":3,"name":"Poisson de la mer du Nord"}]},{"@type":"WebSite","@id":"https:\/\/urk-export.nl\/fr\/#website","url":"https:\/\/urk-export.nl\/fr\/","name":"Urk-Export","description":"","publisher":{"@id":"https:\/\/urk-export.nl\/fr\/#organization"},"potentialAction":[{"@type":"SearchAction","target":{"@type":"EntryPoint","urlTemplate":"https:\/\/urk-export.nl\/fr\/?s={search_term_string}"},"query-input":{"@type":"PropertyValueSpecification","valueRequired":true,"valueName":"search_term_string"}}],"inLanguage":"fr-FR"},{"@type":"Organization","@id":"https:\/\/urk-export.nl\/fr\/#organization","name":"Urk-Export","url":"https:\/\/urk-export.nl\/fr\/","logo":{"@type":"ImageObject","inLanguage":"fr-FR","@id":"https:\/\/urk-export.nl\/fr\/#\/schema\/logo\/image\/","url":"https:\/\/urk-export.nl\/wp-content\/uploads\/2021\/03\/Urk-Export_fc.svg","contentUrl":"https:\/\/urk-export.nl\/wp-content\/uploads\/2021\/03\/Urk-Export_fc.svg","width":337,"height":92,"caption":"Urk-Export"},"image":{"@id":"https:\/\/urk-export.nl\/fr\/#\/schema\/logo\/image\/"},"sameAs":["https:\/\/www.facebook.com\/urkexportbv","https:\/\/www.linkedin.com\/company\/urk-export\/mycompany\/","https:\/\/www.instagram.com\/urkexportbv\/"]}]}},"_links":{"self":[{"href":"https:\/\/urk-export.nl\/fr\/wp-json\/wp\/v2\/pages\/3570","targetHints":{"allow":["GET"]}}],"collection":[{"href":"https:\/\/urk-export.nl\/fr\/wp-json\/wp\/v2\/pages"}],"about":[{"href":"https:\/\/urk-export.nl\/fr\/wp-json\/wp\/v2\/types\/page"}],"author":[{"embeddable":true,"href":"https:\/\/urk-export.nl\/fr\/wp-json\/wp\/v2\/users\/2"}],"replies":[{"embeddable":true,"href":"https:\/\/urk-export.nl\/fr\/wp-json\/wp\/v2\/comments?post=3570"}],"version-history":[{"count":1,"href":"https:\/\/urk-export.nl\/fr\/wp-json\/wp\/v2\/pages\/3570\/revisions"}],"predecessor-version":[{"id":3573,"href":"https:\/\/urk-export.nl\/fr\/wp-json\/wp\/v2\/pages\/3570\/revisions\/3573"}],"wp:featuredmedia":[{"embeddable":true,"href":"https:\/\/urk-export.nl\/fr\/wp-json\/wp\/v2\/media\/3251"}],"wp:attachment":[{"href":"https:\/\/urk-export.nl\/fr\/wp-json\/wp\/v2\/media?parent=3570"}],"curies":[{"name":"wp","href":"https:\/\/api.w.org\/{rel}","templated":true}]}}