{"id":3666,"date":"2022-11-25T13:32:02","date_gmt":"2022-11-25T12:32:02","guid":{"rendered":"https:\/\/urk-export.nl\/declaration-de-confidentialite\/"},"modified":"2024-11-14T14:28:13","modified_gmt":"2024-11-14T13:28:13","slug":"declaration-de-confidentialite","status":"publish","type":"page","link":"https:\/\/urk-export.nl\/fr\/declaration-de-confidentialite\/","title":{"rendered":"Politique de confidentialit\u00e9"},"content":{"rendered":"\n<div style=\"height:100px\" aria-hidden=\"true\" class=\"wp-block-spacer\"><\/div>\n\n\n\n\n\n<h1 class=\"wp-block-heading\">D\u00e9claration de confidentialit\u00e9<\/h1>\n\n\n\n<p>Urk-Export B.V., situ\u00e9 \u00e0 Zuidoostrak 8-10 8321 MA, Urk, Pays-Bas, est responsable du traitement des donn\u00e9es personnelles telles que d\u00e9crites dans cette d\u00e9claration de confidentialit\u00e9.<\/p>\n\n\n\n<p><strong>Coordonn\u00e9es :<\/strong><\/p>\n\n\n\n<p>Site web : <a href=\"https:\/\/urk-export.nl\">https:\/\/urk-export.nl<\/a><\/p>\n\n\n\n<p>Zuidoostrak 8-10 8321 MA, Urk, Pays-Bas<\/p>\n\n\n\n<p>+31 (0)527 689 689<\/p>\n\n\n\n<hr class=\"wp-block-separator has-alpha-channel-opacity\"\/>\n\n\n\n<p><strong>Donn\u00e9es personnelles que nous traitons :<\/strong><\/p>\n\n\n\n<p>Urk-Export B.V. traite les donn\u00e9es personnelles suivantes :<\/p>\n\n\n\n<ul class=\"wp-block-list\">\n<li>Pr\u00e9nom et nom<\/li>\n\n\n\n<li>Num\u00e9ro de t\u00e9l\u00e9phone<\/li>\n\n\n\n<li>Adresse e-mail<\/li>\n\n\n\n<li>Donn\u00e9es concernant vos activit\u00e9s sur notre site web<\/li>\n\n\n\n<li>Navigateur internet et type d\u2019appareil<\/li>\n<\/ul>\n\n\n\n<hr class=\"wp-block-separator has-alpha-channel-opacity\"\/>\n\n\n\n<p><strong>Donn\u00e9es personnelles que nous traitons :<\/strong><\/p>\n\n\n\n<p>Urk-Export B.V. ne traite pas de donn\u00e9es personnelles car il n&rsquo;est pas possible de laisser des donn\u00e9es personnelles sur notre site. Nous n\u2019utilisons pas non plus de plugins de r\u00e9seaux sociaux.<\/p>\n\n\n\n<hr class=\"wp-block-separator has-alpha-channel-opacity\"\/>\n\n\n\n<p><strong>Donn\u00e9es sensibles et\/ou particuli\u00e8res que nous traitons :<\/strong><\/p>\n\n\n\n<p>Urk-Export B.V. traite les donn\u00e9es sensibles et\/ou particuli\u00e8res suivantes :<\/p>\n\n\n\n<ul class=\"wp-block-list\">\n<li><strong>V\u00e9rification de la solvabilit\u00e9<\/strong><br>Chez Urk-Export B.V., il est possible de payer les produits apr\u00e8s achat. Pour rendre cela possible et pour nous prot\u00e9ger contre tout abus, nous effectuons une v\u00e9rification de la solvabilit\u00e9. Pour ce faire, nous transmettons les donn\u00e9es personnelles n\u00e9cessaires (y compris vos coordonn\u00e9es) \u00e0 une agence de notation de cr\u00e9dit qui ne peut utiliser ces donn\u00e9es que pour cette finalit\u00e9.<\/li>\n<\/ul>\n\n\n\n<hr class=\"wp-block-separator has-alpha-channel-opacity\"\/>\n\n\n\n<p><strong>Les objectifs et les bases l\u00e9gales du traitement des donn\u00e9es personnelles :<\/strong><\/p>\n\n\n\n<p>Urk-Export B.V. traite vos donn\u00e9es personnelles pour les objectifs suivants :<\/p>\n\n\n\n<ul class=\"wp-block-list\">\n<li>Traiter votre paiement<\/li>\n\n\n\n<li>Vous appeler ou vous envoyer un e-mail si n\u00e9cessaire pour ex\u00e9cuter nos services<\/li>\n\n\n\n<li>Livrer des biens et des services<\/li>\n\n\n\n<li>Urk-Export B.V. analyse votre comportement sur le site web pour am\u00e9liorer celui-ci et adapter l&rsquo;offre de produits et services \u00e0 vos pr\u00e9f\u00e9rences.<\/li>\n<\/ul>\n\n\n\n<hr class=\"wp-block-separator has-alpha-channel-opacity\"\/>\n\n\n\n<p><strong>D\u00e9cisions automatis\u00e9es :<\/strong><\/p>\n\n\n\n<p>Urk-Export B.V. prend des d\u00e9cisions bas\u00e9es sur des traitements automatis\u00e9s concernant des questions pouvant avoir des cons\u00e9quences importantes pour les personnes. Ces d\u00e9cisions sont prises par des programmes informatiques ou des syst\u00e8mes sans intervention humaine (par exemple, un employ\u00e9 d&rsquo;Urk-Export B.V.).<\/p>\n\n\n\n<hr class=\"wp-block-separator has-alpha-channel-opacity\"\/>\n\n\n\n<p><strong>Dur\u00e9e de conservation des donn\u00e9es personnelles :<\/strong><\/p>\n\n\n\n<p>Urk-Export B.V. ne conserve pas vos donn\u00e9es personnelles plus longtemps que n\u00e9cessaire pour atteindre les objectifs pour lesquels elles ont \u00e9t\u00e9 collect\u00e9es.<\/p>\n\n\n\n<hr class=\"wp-block-separator has-alpha-channel-opacity\"\/>\n\n\n\n<p><strong>Partage des donn\u00e9es personnelles avec des tiers :<\/strong><\/p>\n\n\n\n<p>Urk-Export B.V. ne communique vos donn\u00e9es personnelles \u00e0 des tiers que si cela est n\u00e9cessaire pour l&rsquo;ex\u00e9cution de notre contrat avec vous ou pour se conformer \u00e0 une obligation l\u00e9gale.<\/p>\n\n\n\n<hr class=\"wp-block-separator has-alpha-channel-opacity\"\/>\n\n\n\n<p><strong>Cookies et technologies similaires que nous utilisons :<\/strong><\/p>\n\n\n\n<p>Urk-Export B.V. utilise des cookies fonctionnels, analytiques et de suivi. Un cookie est un petit fichier texte qui est stock\u00e9 dans le navigateur de votre ordinateur, tablette ou smartphone lors de votre premi\u00e8re visite sur ce site. Urk-Export B.V. utilise des cookies ayant une fonctionnalit\u00e9 purement technique. Ces cookies permettent au site de fonctionner correctement et, par exemple, de m\u00e9moriser vos pr\u00e9f\u00e9rences. Ces cookies sont \u00e9galement utilis\u00e9s pour faire fonctionner correctement le site et pour l\u2019optimiser. De plus, nous pla\u00e7ons des cookies qui suivent votre comportement de navigation afin de vous proposer du contenu et des publicit\u00e9s personnalis\u00e9s. Lors de votre premi\u00e8re visite sur notre site web, nous vous avons d\u00e9j\u00e0 inform\u00e9 de ces cookies et avons demand\u00e9 votre consentement pour les placer. Vous pouvez vous d\u00e9sinscrire des cookies en configurant votre navigateur internet pour qu\u2019il n\u2019enregistre plus de cookies. Vous pouvez \u00e9galement supprimer toutes les informations pr\u00e9c\u00e9demment enregistr\u00e9es via les param\u00e8tres de votre navigateur. Pour plus d\u2019informations, consultez : <a href=\"https:\/\/veiliginternetten.nl\/themes\/situatie\/cookies-wat-zijn-het-en-wat-doe-ik-ermee\/\">https:\/\/veiliginternetten.nl\/themes\/situatie\/cookies-wat-zijn-het-en-wat-doe-ik-ermee\/<\/a><\/p>\n\n\n\n<hr class=\"wp-block-separator has-alpha-channel-opacity\"\/>\n\n\n\n<p><strong>Consulter, corriger ou supprimer des donn\u00e9es :<\/strong><\/p>\n\n\n\n<p>Vous avez le droit de consulter, de corriger ou de supprimer vos donn\u00e9es personnelles. Vous pouvez le faire directement via les param\u00e8tres personnels de votre compte. De plus, vous avez le droit de retirer votre consentement pour le traitement des donn\u00e9es ou de vous opposer au traitement de vos donn\u00e9es personnelles par notre entreprise, et vous avez le droit \u00e0 la portabilit\u00e9 des donn\u00e9es. Cela signifie que vous pouvez soumettre une demande pour que les donn\u00e9es personnelles que nous avons sur vous soient envoy\u00e9es \u00e0 vous ou \u00e0 une autre organisation de votre choix. Si vous souhaitez exercer votre droit d\u2019opposition et\/ou de portabilit\u00e9 des donn\u00e9es, ou si vous avez d&rsquo;autres questions ou remarques concernant le traitement des donn\u00e9es, envoyez une demande sp\u00e9cifi\u00e9e \u00e0 <a>info@urk-export.nl<\/a>. Pour \u00eatre s\u00fbr que la demande d&rsquo;acc\u00e8s a bien \u00e9t\u00e9 faite par vous, nous vous demandons d\u2019envoyer une copie de votre pi\u00e8ce d&rsquo;identit\u00e9 avec la demande. Dans cette copie, veuillez masquer votre photo d&rsquo;identit\u00e9, votre zone lisible par machine (MRZ, la bande avec des num\u00e9ros en bas du passeport), le num\u00e9ro de passeport et le num\u00e9ro de s\u00e9curit\u00e9 sociale (BSN) pour prot\u00e9ger votre vie priv\u00e9e. Urk-Export B.V. r\u00e9pondra \u00e0 votre demande dans les plus brefs d\u00e9lais, et en tout cas dans un d\u00e9lai de quatre semaines. Urk-Export B.V. souhaite \u00e9galement vous informer que vous avez le droit de d\u00e9poser une plainte aupr\u00e8s de l&rsquo;autorit\u00e9 nationale de protection des donn\u00e9es, l&rsquo;Autorit\u00e9 de Protection des Donn\u00e9es. Vous pouvez le faire via le lien suivant : <a href=\"https:\/\/autoriteitpersoonsgegevens.nl\/nl\/contact-met-de-autoriteit-persoonsgegevens\/tip-ons\">https:\/\/autoriteitpersoonsgegevens.nl\/nl\/contact-met-de-autoriteit-persoonsgegevens\/tip-ons<\/a><\/p>\n\n\n\n<hr class=\"wp-block-separator has-alpha-channel-opacity\"\/>\n\n\n\n<p><strong>Comment nous s\u00e9curisons les donn\u00e9es personnelles :<\/strong><\/p>\n\n\n\n<p>Urk-Export B.V. prend la protection de vos donn\u00e9es au s\u00e9rieux et met en place des mesures appropri\u00e9es pour \u00e9viter tout abus, perte, acc\u00e8s non autoris\u00e9, divulgation ind\u00e9sirable et modification non autoris\u00e9e. Si vous pensez que vos donn\u00e9es ne sont pas suffisamment s\u00e9curis\u00e9es ou si vous constatez des signes d\u2019abus, contactez notre service client ou envoyez un e-mail \u00e0 <a>info@urk-export.nl<\/a>.<\/p>\n","protected":false},"excerpt":{"rendered":"<p>D\u00e9claration de confidentialit\u00e9 Urk-Export B.V., situ\u00e9 \u00e0 Zuidoostrak 8-10 8321 MA, Urk, Pays-Bas, est responsable du traitement des donn\u00e9es personnelles telles que d\u00e9crites dans cette d\u00e9claration de confidentialit\u00e9. Coordonn\u00e9es : Site web : https:\/\/urk-export.nl Zuidoostrak 8-10 8321 MA, Urk, Pays-Bas +31 (0)527 689 689 Donn\u00e9es personnelles que nous traitons : Urk-Export B.V. traite les donn\u00e9es [&hellip;]<\/p>\n","protected":false},"author":2,"featured_media":3251,"parent":0,"menu_order":0,"comment_status":"closed","ping_status":"closed","template":"","meta":{"_acf_changed":false,"_monsterinsights_skip_tracking":false,"_monsterinsights_sitenote_active":false,"_monsterinsights_sitenote_note":"","_monsterinsights_sitenote_category":0,"footnotes":""},"class_list":["post-3666","page","type-page","status-publish","has-post-thumbnail","hentry"],"blocksy_meta":{"styles_descriptor":{"styles":{"desktop":"","tablet":"","mobile":""},"google_fonts":[],"version":6}},"acf":[],"featured_image_urls_v2":{"full":["https:\/\/urk-export.nl\/wp-content\/uploads\/2020\/11\/Kopie-van-pexels-photo-3184315.jpg",2000,1000,false],"thumbnail":["https:\/\/urk-export.nl\/wp-content\/uploads\/2020\/11\/Kopie-van-pexels-photo-3184315-150x150.jpg",150,150,true],"medium":["https:\/\/urk-export.nl\/wp-content\/uploads\/2020\/11\/Kopie-van-pexels-photo-3184315-300x150.jpg",300,150,true],"medium_large":["https:\/\/urk-export.nl\/wp-content\/uploads\/2020\/11\/Kopie-van-pexels-photo-3184315-768x384.jpg",768,384,true],"large":["https:\/\/urk-export.nl\/wp-content\/uploads\/2020\/11\/Kopie-van-pexels-photo-3184315-1024x512.jpg",1024,512,true],"1536x1536":["https:\/\/urk-export.nl\/wp-content\/uploads\/2020\/11\/Kopie-van-pexels-photo-3184315-1536x768.jpg",1536,768,true],"2048x2048":["https:\/\/urk-export.nl\/wp-content\/uploads\/2020\/11\/Kopie-van-pexels-photo-3184315.jpg",2000,1000,false],"gform-image-choice-sm":["https:\/\/urk-export.nl\/wp-content\/uploads\/2020\/11\/Kopie-van-pexels-photo-3184315.jpg",300,150,false],"gform-image-choice-md":["https:\/\/urk-export.nl\/wp-content\/uploads\/2020\/11\/Kopie-van-pexels-photo-3184315.jpg",400,200,false],"gform-image-choice-lg":["https:\/\/urk-export.nl\/wp-content\/uploads\/2020\/11\/Kopie-van-pexels-photo-3184315.jpg",600,300,false]},"post_excerpt_stackable_v2":"<p>D\u00e9claration de confidentialit\u00e9 Urk-Export B.V., situ\u00e9 \u00e0 Zuidoostrak 8-10 8321 MA, Urk, Pays-Bas, est responsable du traitement des donn\u00e9es personnelles telles que d\u00e9crites dans cette d\u00e9claration de confidentialit\u00e9. Coordonn\u00e9es : Site web : https:\/\/urk-export.nl Zuidoostrak 8-10 8321 MA, Urk, Pays-Bas +31 (0)527 689 689 Donn\u00e9es personnelles que nous traitons : Urk-Export B.V. traite les donn\u00e9es personnelles suivantes : Pr\u00e9nom et nom Num\u00e9ro de t\u00e9l\u00e9phone Adresse e-mail Donn\u00e9es concernant vos activit\u00e9s sur notre site web Navigateur internet et type d\u2019appareil Donn\u00e9es personnelles que nous traitons : Urk-Export B.V. ne traite pas de donn\u00e9es personnelles car il n&rsquo;est pas possible de laisser\u2026<\/p>\n","category_list_v2":"","author_info_v2":{"name":"Spikker","url":"https:\/\/urk-export.nl\/fr\/author\/spikker\/"},"comments_num_v2":"0 commentaire","yoast_head":"<!-- This site is optimized with the Yoast SEO plugin v27.4 - https:\/\/yoast.com\/product\/yoast-seo-wordpress\/ -->\n<title>Politique de confidentialit\u00e9 - Urk-Export<\/title>\n<meta name=\"description\" content=\"Dans notre politique de confidentialit\u00e9, vous d\u00e9couvrirez comment nous prot\u00e9geons vos donn\u00e9es. La transparence et la s\u00e9curit\u00e9 sont nos priorit\u00e9s\" \/>\n<meta name=\"robots\" content=\"index, follow, max-snippet:-1, max-image-preview:large, max-video-preview:-1\" \/>\n<link rel=\"canonical\" href=\"https:\/\/urk-export.nl\/fr\/declaration-de-confidentialite\/\" \/>\n<script type=\"application\/ld+json\" class=\"yoast-schema-graph\">{\"@context\":\"https:\\\/\\\/schema.org\",\"@graph\":[{\"@type\":\"WebPage\",\"@id\":\"https:\\\/\\\/urk-export.nl\\\/fr\\\/declaration-de-confidentialite\\\/\",\"url\":\"https:\\\/\\\/urk-export.nl\\\/fr\\\/declaration-de-confidentialite\\\/\",\"name\":\"Politique de confidentialit\u00e9 - Urk-Export\",\"isPartOf\":{\"@id\":\"https:\\\/\\\/urk-export.nl\\\/fr\\\/#website\"},\"primaryImageOfPage\":{\"@id\":\"https:\\\/\\\/urk-export.nl\\\/fr\\\/declaration-de-confidentialite\\\/#primaryimage\"},\"image\":{\"@id\":\"https:\\\/\\\/urk-export.nl\\\/fr\\\/declaration-de-confidentialite\\\/#primaryimage\"},\"thumbnailUrl\":\"https:\\\/\\\/urk-export.nl\\\/wp-content\\\/uploads\\\/2020\\\/11\\\/Kopie-van-pexels-photo-3184315.jpg\",\"datePublished\":\"2022-11-25T12:32:02+00:00\",\"dateModified\":\"2024-11-14T13:28:13+00:00\",\"description\":\"Dans notre politique de confidentialit\u00e9, vous d\u00e9couvrirez comment nous prot\u00e9geons vos donn\u00e9es. La transparence et la s\u00e9curit\u00e9 sont nos priorit\u00e9s\",\"breadcrumb\":{\"@id\":\"https:\\\/\\\/urk-export.nl\\\/fr\\\/declaration-de-confidentialite\\\/#breadcrumb\"},\"inLanguage\":\"fr-FR\",\"potentialAction\":[{\"@type\":\"ReadAction\",\"target\":[\"https:\\\/\\\/urk-export.nl\\\/fr\\\/declaration-de-confidentialite\\\/\"]}]},{\"@type\":\"ImageObject\",\"inLanguage\":\"fr-FR\",\"@id\":\"https:\\\/\\\/urk-export.nl\\\/fr\\\/declaration-de-confidentialite\\\/#primaryimage\",\"url\":\"https:\\\/\\\/urk-export.nl\\\/wp-content\\\/uploads\\\/2020\\\/11\\\/Kopie-van-pexels-photo-3184315.jpg\",\"contentUrl\":\"https:\\\/\\\/urk-export.nl\\\/wp-content\\\/uploads\\\/2020\\\/11\\\/Kopie-van-pexels-photo-3184315.jpg\",\"width\":2000,\"height\":1000},{\"@type\":\"BreadcrumbList\",\"@id\":\"https:\\\/\\\/urk-export.nl\\\/fr\\\/declaration-de-confidentialite\\\/#breadcrumb\",\"itemListElement\":[{\"@type\":\"ListItem\",\"position\":1,\"name\":\"Home\",\"item\":\"https:\\\/\\\/urk-export.nl\\\/fr\\\/\"},{\"@type\":\"ListItem\",\"position\":2,\"name\":\"Politique de confidentialit\u00e9\"}]},{\"@type\":\"WebSite\",\"@id\":\"https:\\\/\\\/urk-export.nl\\\/fr\\\/#website\",\"url\":\"https:\\\/\\\/urk-export.nl\\\/fr\\\/\",\"name\":\"Urk-Export\",\"description\":\"\",\"publisher\":{\"@id\":\"https:\\\/\\\/urk-export.nl\\\/fr\\\/#organization\"},\"potentialAction\":[{\"@type\":\"SearchAction\",\"target\":{\"@type\":\"EntryPoint\",\"urlTemplate\":\"https:\\\/\\\/urk-export.nl\\\/fr\\\/?s={search_term_string}\"},\"query-input\":{\"@type\":\"PropertyValueSpecification\",\"valueRequired\":true,\"valueName\":\"search_term_string\"}}],\"inLanguage\":\"fr-FR\"},{\"@type\":\"Organization\",\"@id\":\"https:\\\/\\\/urk-export.nl\\\/fr\\\/#organization\",\"name\":\"Urk-Export\",\"url\":\"https:\\\/\\\/urk-export.nl\\\/fr\\\/\",\"logo\":{\"@type\":\"ImageObject\",\"inLanguage\":\"fr-FR\",\"@id\":\"https:\\\/\\\/urk-export.nl\\\/fr\\\/#\\\/schema\\\/logo\\\/image\\\/\",\"url\":\"https:\\\/\\\/urk-export.nl\\\/wp-content\\\/uploads\\\/2021\\\/03\\\/Urk-Export_fc.svg\",\"contentUrl\":\"https:\\\/\\\/urk-export.nl\\\/wp-content\\\/uploads\\\/2021\\\/03\\\/Urk-Export_fc.svg\",\"width\":337,\"height\":92,\"caption\":\"Urk-Export\"},\"image\":{\"@id\":\"https:\\\/\\\/urk-export.nl\\\/fr\\\/#\\\/schema\\\/logo\\\/image\\\/\"},\"sameAs\":[\"https:\\\/\\\/www.facebook.com\\\/urkexportbv\",\"https:\\\/\\\/www.linkedin.com\\\/company\\\/urk-export\\\/mycompany\\\/\",\"https:\\\/\\\/www.instagram.com\\\/urkexportbv\\\/\"]}]}<\/script>\n<!-- \/ Yoast SEO plugin. -->","yoast_head_json":{"title":"Politique de confidentialit\u00e9 - Urk-Export","description":"Dans notre politique de confidentialit\u00e9, vous d\u00e9couvrirez comment nous prot\u00e9geons vos donn\u00e9es. La transparence et la s\u00e9curit\u00e9 sont nos priorit\u00e9s","robots":{"index":"index","follow":"follow","max-snippet":"max-snippet:-1","max-image-preview":"max-image-preview:large","max-video-preview":"max-video-preview:-1"},"canonical":"https:\/\/urk-export.nl\/fr\/declaration-de-confidentialite\/","schema":{"@context":"https:\/\/schema.org","@graph":[{"@type":"WebPage","@id":"https:\/\/urk-export.nl\/fr\/declaration-de-confidentialite\/","url":"https:\/\/urk-export.nl\/fr\/declaration-de-confidentialite\/","name":"Politique de confidentialit\u00e9 - Urk-Export","isPartOf":{"@id":"https:\/\/urk-export.nl\/fr\/#website"},"primaryImageOfPage":{"@id":"https:\/\/urk-export.nl\/fr\/declaration-de-confidentialite\/#primaryimage"},"image":{"@id":"https:\/\/urk-export.nl\/fr\/declaration-de-confidentialite\/#primaryimage"},"thumbnailUrl":"https:\/\/urk-export.nl\/wp-content\/uploads\/2020\/11\/Kopie-van-pexels-photo-3184315.jpg","datePublished":"2022-11-25T12:32:02+00:00","dateModified":"2024-11-14T13:28:13+00:00","description":"Dans notre politique de confidentialit\u00e9, vous d\u00e9couvrirez comment nous prot\u00e9geons vos donn\u00e9es. La transparence et la s\u00e9curit\u00e9 sont nos priorit\u00e9s","breadcrumb":{"@id":"https:\/\/urk-export.nl\/fr\/declaration-de-confidentialite\/#breadcrumb"},"inLanguage":"fr-FR","potentialAction":[{"@type":"ReadAction","target":["https:\/\/urk-export.nl\/fr\/declaration-de-confidentialite\/"]}]},{"@type":"ImageObject","inLanguage":"fr-FR","@id":"https:\/\/urk-export.nl\/fr\/declaration-de-confidentialite\/#primaryimage","url":"https:\/\/urk-export.nl\/wp-content\/uploads\/2020\/11\/Kopie-van-pexels-photo-3184315.jpg","contentUrl":"https:\/\/urk-export.nl\/wp-content\/uploads\/2020\/11\/Kopie-van-pexels-photo-3184315.jpg","width":2000,"height":1000},{"@type":"BreadcrumbList","@id":"https:\/\/urk-export.nl\/fr\/declaration-de-confidentialite\/#breadcrumb","itemListElement":[{"@type":"ListItem","position":1,"name":"Home","item":"https:\/\/urk-export.nl\/fr\/"},{"@type":"ListItem","position":2,"name":"Politique de confidentialit\u00e9"}]},{"@type":"WebSite","@id":"https:\/\/urk-export.nl\/fr\/#website","url":"https:\/\/urk-export.nl\/fr\/","name":"Urk-Export","description":"","publisher":{"@id":"https:\/\/urk-export.nl\/fr\/#organization"},"potentialAction":[{"@type":"SearchAction","target":{"@type":"EntryPoint","urlTemplate":"https:\/\/urk-export.nl\/fr\/?s={search_term_string}"},"query-input":{"@type":"PropertyValueSpecification","valueRequired":true,"valueName":"search_term_string"}}],"inLanguage":"fr-FR"},{"@type":"Organization","@id":"https:\/\/urk-export.nl\/fr\/#organization","name":"Urk-Export","url":"https:\/\/urk-export.nl\/fr\/","logo":{"@type":"ImageObject","inLanguage":"fr-FR","@id":"https:\/\/urk-export.nl\/fr\/#\/schema\/logo\/image\/","url":"https:\/\/urk-export.nl\/wp-content\/uploads\/2021\/03\/Urk-Export_fc.svg","contentUrl":"https:\/\/urk-export.nl\/wp-content\/uploads\/2021\/03\/Urk-Export_fc.svg","width":337,"height":92,"caption":"Urk-Export"},"image":{"@id":"https:\/\/urk-export.nl\/fr\/#\/schema\/logo\/image\/"},"sameAs":["https:\/\/www.facebook.com\/urkexportbv","https:\/\/www.linkedin.com\/company\/urk-export\/mycompany\/","https:\/\/www.instagram.com\/urkexportbv\/"]}]}},"_links":{"self":[{"href":"https:\/\/urk-export.nl\/fr\/wp-json\/wp\/v2\/pages\/3666","targetHints":{"allow":["GET"]}}],"collection":[{"href":"https:\/\/urk-export.nl\/fr\/wp-json\/wp\/v2\/pages"}],"about":[{"href":"https:\/\/urk-export.nl\/fr\/wp-json\/wp\/v2\/types\/page"}],"author":[{"embeddable":true,"href":"https:\/\/urk-export.nl\/fr\/wp-json\/wp\/v2\/users\/2"}],"replies":[{"embeddable":true,"href":"https:\/\/urk-export.nl\/fr\/wp-json\/wp\/v2\/comments?post=3666"}],"version-history":[{"count":10,"href":"https:\/\/urk-export.nl\/fr\/wp-json\/wp\/v2\/pages\/3666\/revisions"}],"predecessor-version":[{"id":3667,"href":"https:\/\/urk-export.nl\/fr\/wp-json\/wp\/v2\/pages\/3666\/revisions\/3667"}],"wp:featuredmedia":[{"embeddable":true,"href":"https:\/\/urk-export.nl\/fr\/wp-json\/wp\/v2\/media\/3251"}],"wp:attachment":[{"href":"https:\/\/urk-export.nl\/fr\/wp-json\/wp\/v2\/media?parent=3666"}],"curies":[{"name":"wp","href":"https:\/\/api.w.org\/{rel}","templated":true}]}}