{"id":3673,"date":"2022-11-25T13:32:04","date_gmt":"2022-11-25T12:32:04","guid":{"rendered":"https:\/\/urk-export.nl\/informativa-sulla-privacy\/"},"modified":"2024-11-14T14:33:12","modified_gmt":"2024-11-14T13:33:12","slug":"informativa-sulla-privacy","status":"publish","type":"page","link":"https:\/\/urk-export.nl\/it\/informativa-sulla-privacy\/","title":{"rendered":"Informativa sulla privacy"},"content":{"rendered":"\n<div style=\"height:100px\" aria-hidden=\"true\" class=\"wp-block-spacer\"><\/div>\n\n\n\n\n\n<h1 class=\"wp-block-heading\">Informativa sulla privacy<\/h1>\n\n\n\n<p>Urk-Export B.V., situata a Zuidoostrak 8-10 8321 MA, Urk, Paesi Bassi, \u00e8 responsabile del trattamento dei dati personali come descritto in questa dichiarazione sulla privacy.<\/p>\n\n\n\n<p><strong>Dati di contatto:<\/strong><\/p>\n\n\n\n<p>Sito web: <a href=\"https:\/\/urk-export.nl\">https:\/\/urk-export.nl<\/a><\/p>\n\n\n\n<p>Zuidoostrak 8-10 8321 MA, Urk, Paesi Bassi<\/p>\n\n\n\n<p>+31 (0)527 689 689<\/p>\n\n\n\n<hr class=\"wp-block-separator has-alpha-channel-opacity\"\/>\n\n\n\n<p><strong>Dati personali che trattiamo:<\/strong><\/p>\n\n\n\n<p>Urk-Export B.V. tratta i seguenti dati personali:<\/p>\n\n\n\n<ul class=\"wp-block-list\">\n<li>Nome e cognome<\/li>\n\n\n\n<li>Numero di telefono<\/li>\n\n\n\n<li>Indirizzo e-mail<\/li>\n\n\n\n<li>Dati relativi alle tue attivit\u00e0 sul nostro sito web<\/li>\n\n\n\n<li>Tipo di browser Internet e dispositivo<\/li>\n<\/ul>\n\n\n\n<hr class=\"wp-block-separator has-alpha-channel-opacity\"\/>\n\n\n\n<p><strong>Dati personali che trattiamo:<\/strong><\/p>\n\n\n\n<p>Urk-Export B.V. non tratta dati personali, poich\u00e9 non \u00e8 possibile lasciare dati personali sul nostro sito. Inoltre, non utilizziamo plugin per i social media.<\/p>\n\n\n\n<hr class=\"wp-block-separator has-alpha-channel-opacity\"\/>\n\n\n\n<p><strong>Dati sensibili e\/o particolari che trattiamo:<\/strong><\/p>\n\n\n\n<p>Urk-Export B.V. tratta i seguenti dati sensibili e\/o particolari:<\/p>\n\n\n\n<ul class=\"wp-block-list\">\n<li><strong>Verifica della solvibilit\u00e0<\/strong><br>Presso Urk-Export B.V., \u00e8 possibile pagare i prodotti in un secondo momento. Per rendere ci\u00f2 possibile e per proteggerci da abusi, eseguiamo una verifica della solvibilit\u00e0. A tal fine, forniamo i dati personali necessari (compresi i tuoi dati di contatto) a un&#8217;agenzia di valutazione del credito che pu\u00f2 utilizzare questi dati solo per questo scopo.<\/li>\n<\/ul>\n\n\n\n<hr class=\"wp-block-separator has-alpha-channel-opacity\"\/>\n\n\n\n<p><strong>Scopi e basi giuridiche del trattamento dei dati personali:<\/strong><\/p>\n\n\n\n<p>Urk-Export B.V. tratta i tuoi dati personali per i seguenti scopi:<\/p>\n\n\n\n<ul class=\"wp-block-list\">\n<li>Elaborazione del pagamento<\/li>\n\n\n\n<li>Poterti chiamare o inviarti un&#8217;email se necessario per l&#8217;esecuzione dei nostri servizi<\/li>\n\n\n\n<li>Consegnare beni e servizi<\/li>\n\n\n\n<li>Urk-Export B.V. analizza il tuo comportamento sul sito web per migliorarlo e adattare l&#8217;offerta di prodotti e servizi alle tue preferenze.<\/li>\n<\/ul>\n\n\n\n<hr class=\"wp-block-separator has-alpha-channel-opacity\"\/>\n\n\n\n<p><strong>Decisioni automatizzate:<\/strong><\/p>\n\n\n\n<p>Urk-Export B.V. prende decisioni basate su trattamenti automatizzati che possono avere conseguenze significative per le persone. Queste decisioni vengono prese da programmi informatici o sistemi senza l&#8217;intervento umano (ad esempio, un dipendente di Urk-Export B.V.).<\/p>\n\n\n\n<hr class=\"wp-block-separator has-alpha-channel-opacity\"\/>\n\n\n\n<p><strong>Periodo di conservazione dei dati personali:<\/strong><\/p>\n\n\n\n<p>Urk-Export B.V. non conserva i tuoi dati personali pi\u00f9 a lungo del necessario per raggiungere gli scopi per cui sono stati raccolti.<\/p>\n\n\n\n<hr class=\"wp-block-separator has-alpha-channel-opacity\"\/>\n\n\n\n<p><strong>Condivisione dei dati personali con terzi:<\/strong><\/p>\n\n\n\n<p>Urk-Export B.V. fornisce i tuoi dati personali a terzi solo se necessario per l&#8217;esecuzione del nostro contratto con te o per adempiere a un obbligo legale.<\/p>\n\n\n\n<hr class=\"wp-block-separator has-alpha-channel-opacity\"\/>\n\n\n\n<p><strong>Cookie e tecnologie simili che utilizziamo:<\/strong><\/p>\n\n\n\n<p>Urk-Export B.V. utilizza cookie funzionali, analitici e di tracciamento. Un cookie \u00e8 un piccolo file di testo che viene memorizzato nel browser del tuo computer, tablet o smartphone quando visiti per la prima volta questo sito. Urk-Export B.V. utilizza cookie con funzionalit\u00e0 puramente tecnica. Questi cookie garantiscono che il sito funzioni correttamente e, ad esempio, memorizzino le tue preferenze. Questi cookie vengono anche utilizzati per far funzionare correttamente il sito e per ottimizzarlo. Inoltre, posizioniamo cookie che monitorano il tuo comportamento di navigazione in modo da poter offrire contenuti e annunci personalizzati. Al tuo primo accesso al nostro sito web, ti abbiamo gi\u00e0 informato su questi cookie e ti abbiamo chiesto il consenso per l&#8217;installazione degli stessi. Puoi disabilitare i cookie configurando il tuo browser in modo che non salvi pi\u00f9 i cookie. Inoltre, puoi anche eliminare tutte le informazioni precedentemente memorizzate tramite le impostazioni del tuo browser. Per ulteriori dettagli, consulta: <a href=\"https:\/\/veiliginternetten.nl\/themes\/situatie\/cookies-wat-zijn-het-en-wat-doe-ik-ermee\/\">https:\/\/veiliginternetten.nl\/themes\/situatie\/cookies-wat-zijn-het-en-wat-doe-ik-ermee\/<\/a><\/p>\n\n\n\n<hr class=\"wp-block-separator has-alpha-channel-opacity\"\/>\n\n\n\n<p><strong>Consultare, correggere o eliminare i dati:<\/strong><\/p>\n\n\n\n<p>Hai il diritto di consultare, correggere o eliminare i tuoi dati personali. Puoi farlo direttamente tramite le impostazioni personali del tuo account. Inoltre, hai il diritto di ritirare il tuo consenso al trattamento dei dati o di opporti al trattamento dei tuoi dati personali da parte della nostra azienda, e hai il diritto alla portabilit\u00e0 dei dati. Ci\u00f2 significa che puoi inviare una richiesta per far inviare i dati personali che abbiamo su di te in un file informatico a te o a un&#8217;altra organizzazione da te designata. Se desideri esercitare il tuo diritto di opposizione e\/o diritto alla portabilit\u00e0 dei dati, o se hai altre domande\/osservazioni sul trattamento dei dati, invia una richiesta specifica a <a>info@urk-export.nl<\/a>. Per essere sicuri che la richiesta di accesso sia stata effettuata da te, ti chiediamo di inviare una copia del tuo documento d&#8217;identit\u00e0 insieme alla richiesta. In questa copia, oscurerai la tua foto, la zona leggibile dalla macchina (MRZ, la striscia con i numeri in basso del passaporto), il numero del passaporto e il numero di sicurezza sociale (BSN) per proteggere la tua privacy. Urk-Export B.V. risponder\u00e0 alla tua richiesta il prima possibile, ma comunque entro quattro settimane. Urk-Export B.V. desidera inoltre informarti che hai il diritto di presentare un reclamo all&#8217;autorit\u00e0 di controllo nazionale, l&#8217;Autorit\u00e0 per la protezione dei dati. Puoi farlo tramite il seguente link: <a href=\"https:\/\/autoriteitpersoonsgegevens.nl\/nl\/contact-met-de-autoriteit-persoonsgegevens\/tip-ons\">https:\/\/autoriteitpersoonsgegevens.nl\/nl\/contact-met-de-autoriteit-persoonsgegevens\/tip-ons<\/a><\/p>\n\n\n\n<hr class=\"wp-block-separator has-alpha-channel-opacity\"\/>\n\n\n\n<p><strong>Come proteggiamo i dati personali:<\/strong><\/p>\n\n\n\n<p>Urk-Export B.V. prende sul serio la protezione dei tuoi dati e adotta misure adeguate per prevenire abusi, perdite, accessi non autorizzati, divulgazioni indesiderate e modifiche non autorizzate. Se ritieni che i tuoi dati non siano adeguatamente protetti o se ci sono segni di abusi, contatta il nostro servizio clienti o invia un&#8217;email a <a>info@urk-export.nl<\/a>.<\/p>\n","protected":false},"excerpt":{"rendered":"<p>Informativa sulla privacy Urk-Export B.V., situata a Zuidoostrak 8-10 8321 MA, Urk, Paesi Bassi, \u00e8 responsabile del trattamento dei dati personali come descritto in questa dichiarazione sulla privacy. Dati di contatto: Sito web: https:\/\/urk-export.nl Zuidoostrak 8-10 8321 MA, Urk, Paesi Bassi +31 (0)527 689 689 Dati personali che trattiamo: Urk-Export B.V. tratta i seguenti dati [&hellip;]<\/p>\n","protected":false},"author":2,"featured_media":2507,"parent":0,"menu_order":0,"comment_status":"closed","ping_status":"closed","template":"","meta":{"_acf_changed":false,"_monsterinsights_skip_tracking":false,"_monsterinsights_sitenote_active":false,"_monsterinsights_sitenote_note":"","_monsterinsights_sitenote_category":0,"footnotes":""},"class_list":["post-3673","page","type-page","status-publish","has-post-thumbnail","hentry"],"blocksy_meta":{"styles_descriptor":{"styles":{"desktop":"","tablet":"","mobile":""},"google_fonts":[],"version":6}},"acf":[],"featured_image_urls_v2":{"full":["https:\/\/urk-export.nl\/wp-content\/uploads\/2020\/11\/Kopie-van-pexels-photo-3184315.jpg",2000,1000,false],"thumbnail":["https:\/\/urk-export.nl\/wp-content\/uploads\/2020\/11\/Kopie-van-pexels-photo-3184315-150x150.jpg",150,150,true],"medium":["https:\/\/urk-export.nl\/wp-content\/uploads\/2020\/11\/Kopie-van-pexels-photo-3184315-300x150.jpg",300,150,true],"medium_large":["https:\/\/urk-export.nl\/wp-content\/uploads\/2020\/11\/Kopie-van-pexels-photo-3184315-768x384.jpg",768,384,true],"large":["https:\/\/urk-export.nl\/wp-content\/uploads\/2020\/11\/Kopie-van-pexels-photo-3184315-1024x512.jpg",1024,512,true],"1536x1536":["https:\/\/urk-export.nl\/wp-content\/uploads\/2020\/11\/Kopie-van-pexels-photo-3184315-1536x768.jpg",1536,768,true],"2048x2048":["https:\/\/urk-export.nl\/wp-content\/uploads\/2020\/11\/Kopie-van-pexels-photo-3184315.jpg",2000,1000,false],"gform-image-choice-sm":["https:\/\/urk-export.nl\/wp-content\/uploads\/2020\/11\/Kopie-van-pexels-photo-3184315.jpg",300,150,false],"gform-image-choice-md":["https:\/\/urk-export.nl\/wp-content\/uploads\/2020\/11\/Kopie-van-pexels-photo-3184315.jpg",400,200,false],"gform-image-choice-lg":["https:\/\/urk-export.nl\/wp-content\/uploads\/2020\/11\/Kopie-van-pexels-photo-3184315.jpg",600,300,false]},"post_excerpt_stackable_v2":"<p>Informativa sulla privacy Urk-Export B.V., situata a Zuidoostrak 8-10 8321 MA, Urk, Paesi Bassi, \u00e8 responsabile del trattamento dei dati personali come descritto in questa dichiarazione sulla privacy. Dati di contatto: Sito web: https:\/\/urk-export.nl Zuidoostrak 8-10 8321 MA, Urk, Paesi Bassi +31 (0)527 689 689 Dati personali che trattiamo: Urk-Export B.V. tratta i seguenti dati personali: Nome e cognome Numero di telefono Indirizzo e-mail Dati relativi alle tue attivit\u00e0 sul nostro sito web Tipo di browser Internet e dispositivo Dati personali che trattiamo: Urk-Export B.V. non tratta dati personali, poich\u00e9 non \u00e8 possibile lasciare dati personali sul nostro sito. Inoltre,&hellip;<\/p>\n","category_list_v2":"","author_info_v2":{"name":"Spikker","url":"https:\/\/urk-export.nl\/it\/author\/spikker\/"},"comments_num_v2":"0 commenti","yoast_head":"<!-- This site is optimized with the Yoast SEO plugin v27.4 - https:\/\/yoast.com\/product\/yoast-seo-wordpress\/ -->\n<title>Informativa sulla privacy - Urk-Export<\/title>\n<meta name=\"description\" content=\"Nella nostra informativa sulla privacy scoprirai come proteggiamo i tuoi dati. Trasparenza e sicurezza sono le nostre principali priorit\u00e0\" \/>\n<meta name=\"robots\" content=\"index, follow, max-snippet:-1, max-image-preview:large, max-video-preview:-1\" \/>\n<link rel=\"canonical\" href=\"https:\/\/urk-export.nl\/it\/informativa-sulla-privacy\/\" \/>\n<script type=\"application\/ld+json\" class=\"yoast-schema-graph\">{\"@context\":\"https:\\\/\\\/schema.org\",\"@graph\":[{\"@type\":\"WebPage\",\"@id\":\"https:\\\/\\\/urk-export.nl\\\/it\\\/informativa-sulla-privacy\\\/\",\"url\":\"https:\\\/\\\/urk-export.nl\\\/it\\\/informativa-sulla-privacy\\\/\",\"name\":\"Informativa sulla privacy - Urk-Export\",\"isPartOf\":{\"@id\":\"https:\\\/\\\/urk-export.nl\\\/it\\\/#website\"},\"primaryImageOfPage\":{\"@id\":\"https:\\\/\\\/urk-export.nl\\\/it\\\/informativa-sulla-privacy\\\/#primaryimage\"},\"image\":{\"@id\":\"https:\\\/\\\/urk-export.nl\\\/it\\\/informativa-sulla-privacy\\\/#primaryimage\"},\"thumbnailUrl\":\"https:\\\/\\\/urk-export.nl\\\/wp-content\\\/uploads\\\/2020\\\/11\\\/Kopie-van-pexels-photo-3184315.jpg\",\"datePublished\":\"2022-11-25T12:32:04+00:00\",\"dateModified\":\"2024-11-14T13:33:12+00:00\",\"description\":\"Nella nostra informativa sulla privacy scoprirai come proteggiamo i tuoi dati. Trasparenza e sicurezza sono le nostre principali priorit\u00e0\",\"breadcrumb\":{\"@id\":\"https:\\\/\\\/urk-export.nl\\\/it\\\/informativa-sulla-privacy\\\/#breadcrumb\"},\"inLanguage\":\"it-IT\",\"potentialAction\":[{\"@type\":\"ReadAction\",\"target\":[\"https:\\\/\\\/urk-export.nl\\\/it\\\/informativa-sulla-privacy\\\/\"]}]},{\"@type\":\"ImageObject\",\"inLanguage\":\"it-IT\",\"@id\":\"https:\\\/\\\/urk-export.nl\\\/it\\\/informativa-sulla-privacy\\\/#primaryimage\",\"url\":\"https:\\\/\\\/urk-export.nl\\\/wp-content\\\/uploads\\\/2020\\\/11\\\/Kopie-van-pexels-photo-3184315.jpg\",\"contentUrl\":\"https:\\\/\\\/urk-export.nl\\\/wp-content\\\/uploads\\\/2020\\\/11\\\/Kopie-van-pexels-photo-3184315.jpg\",\"width\":2000,\"height\":1000},{\"@type\":\"BreadcrumbList\",\"@id\":\"https:\\\/\\\/urk-export.nl\\\/it\\\/informativa-sulla-privacy\\\/#breadcrumb\",\"itemListElement\":[{\"@type\":\"ListItem\",\"position\":1,\"name\":\"Home\",\"item\":\"https:\\\/\\\/urk-export.nl\\\/it\\\/\"},{\"@type\":\"ListItem\",\"position\":2,\"name\":\"Informativa sulla privacy\"}]},{\"@type\":\"WebSite\",\"@id\":\"https:\\\/\\\/urk-export.nl\\\/it\\\/#website\",\"url\":\"https:\\\/\\\/urk-export.nl\\\/it\\\/\",\"name\":\"Urk-Export\",\"description\":\"\",\"publisher\":{\"@id\":\"https:\\\/\\\/urk-export.nl\\\/it\\\/#organization\"},\"potentialAction\":[{\"@type\":\"SearchAction\",\"target\":{\"@type\":\"EntryPoint\",\"urlTemplate\":\"https:\\\/\\\/urk-export.nl\\\/it\\\/?s={search_term_string}\"},\"query-input\":{\"@type\":\"PropertyValueSpecification\",\"valueRequired\":true,\"valueName\":\"search_term_string\"}}],\"inLanguage\":\"it-IT\"},{\"@type\":\"Organization\",\"@id\":\"https:\\\/\\\/urk-export.nl\\\/it\\\/#organization\",\"name\":\"Urk-Export\",\"url\":\"https:\\\/\\\/urk-export.nl\\\/it\\\/\",\"logo\":{\"@type\":\"ImageObject\",\"inLanguage\":\"it-IT\",\"@id\":\"https:\\\/\\\/urk-export.nl\\\/it\\\/#\\\/schema\\\/logo\\\/image\\\/\",\"url\":\"https:\\\/\\\/urk-export.nl\\\/wp-content\\\/uploads\\\/2021\\\/03\\\/Urk-Export_fc.svg\",\"contentUrl\":\"https:\\\/\\\/urk-export.nl\\\/wp-content\\\/uploads\\\/2021\\\/03\\\/Urk-Export_fc.svg\",\"width\":337,\"height\":92,\"caption\":\"Urk-Export\"},\"image\":{\"@id\":\"https:\\\/\\\/urk-export.nl\\\/it\\\/#\\\/schema\\\/logo\\\/image\\\/\"},\"sameAs\":[\"https:\\\/\\\/www.facebook.com\\\/urkexportbv\",\"https:\\\/\\\/www.linkedin.com\\\/company\\\/urk-export\\\/mycompany\\\/\",\"https:\\\/\\\/www.instagram.com\\\/urkexportbv\\\/\"]}]}<\/script>\n<!-- \/ Yoast SEO plugin. -->","yoast_head_json":{"title":"Informativa sulla privacy - Urk-Export","description":"Nella nostra informativa sulla privacy scoprirai come proteggiamo i tuoi dati. Trasparenza e sicurezza sono le nostre principali priorit\u00e0","robots":{"index":"index","follow":"follow","max-snippet":"max-snippet:-1","max-image-preview":"max-image-preview:large","max-video-preview":"max-video-preview:-1"},"canonical":"https:\/\/urk-export.nl\/it\/informativa-sulla-privacy\/","schema":{"@context":"https:\/\/schema.org","@graph":[{"@type":"WebPage","@id":"https:\/\/urk-export.nl\/it\/informativa-sulla-privacy\/","url":"https:\/\/urk-export.nl\/it\/informativa-sulla-privacy\/","name":"Informativa sulla privacy - Urk-Export","isPartOf":{"@id":"https:\/\/urk-export.nl\/it\/#website"},"primaryImageOfPage":{"@id":"https:\/\/urk-export.nl\/it\/informativa-sulla-privacy\/#primaryimage"},"image":{"@id":"https:\/\/urk-export.nl\/it\/informativa-sulla-privacy\/#primaryimage"},"thumbnailUrl":"https:\/\/urk-export.nl\/wp-content\/uploads\/2020\/11\/Kopie-van-pexels-photo-3184315.jpg","datePublished":"2022-11-25T12:32:04+00:00","dateModified":"2024-11-14T13:33:12+00:00","description":"Nella nostra informativa sulla privacy scoprirai come proteggiamo i tuoi dati. Trasparenza e sicurezza sono le nostre principali priorit\u00e0","breadcrumb":{"@id":"https:\/\/urk-export.nl\/it\/informativa-sulla-privacy\/#breadcrumb"},"inLanguage":"it-IT","potentialAction":[{"@type":"ReadAction","target":["https:\/\/urk-export.nl\/it\/informativa-sulla-privacy\/"]}]},{"@type":"ImageObject","inLanguage":"it-IT","@id":"https:\/\/urk-export.nl\/it\/informativa-sulla-privacy\/#primaryimage","url":"https:\/\/urk-export.nl\/wp-content\/uploads\/2020\/11\/Kopie-van-pexels-photo-3184315.jpg","contentUrl":"https:\/\/urk-export.nl\/wp-content\/uploads\/2020\/11\/Kopie-van-pexels-photo-3184315.jpg","width":2000,"height":1000},{"@type":"BreadcrumbList","@id":"https:\/\/urk-export.nl\/it\/informativa-sulla-privacy\/#breadcrumb","itemListElement":[{"@type":"ListItem","position":1,"name":"Home","item":"https:\/\/urk-export.nl\/it\/"},{"@type":"ListItem","position":2,"name":"Informativa sulla privacy"}]},{"@type":"WebSite","@id":"https:\/\/urk-export.nl\/it\/#website","url":"https:\/\/urk-export.nl\/it\/","name":"Urk-Export","description":"","publisher":{"@id":"https:\/\/urk-export.nl\/it\/#organization"},"potentialAction":[{"@type":"SearchAction","target":{"@type":"EntryPoint","urlTemplate":"https:\/\/urk-export.nl\/it\/?s={search_term_string}"},"query-input":{"@type":"PropertyValueSpecification","valueRequired":true,"valueName":"search_term_string"}}],"inLanguage":"it-IT"},{"@type":"Organization","@id":"https:\/\/urk-export.nl\/it\/#organization","name":"Urk-Export","url":"https:\/\/urk-export.nl\/it\/","logo":{"@type":"ImageObject","inLanguage":"it-IT","@id":"https:\/\/urk-export.nl\/it\/#\/schema\/logo\/image\/","url":"https:\/\/urk-export.nl\/wp-content\/uploads\/2021\/03\/Urk-Export_fc.svg","contentUrl":"https:\/\/urk-export.nl\/wp-content\/uploads\/2021\/03\/Urk-Export_fc.svg","width":337,"height":92,"caption":"Urk-Export"},"image":{"@id":"https:\/\/urk-export.nl\/it\/#\/schema\/logo\/image\/"},"sameAs":["https:\/\/www.facebook.com\/urkexportbv","https:\/\/www.linkedin.com\/company\/urk-export\/mycompany\/","https:\/\/www.instagram.com\/urkexportbv\/"]}]}},"_links":{"self":[{"href":"https:\/\/urk-export.nl\/it\/wp-json\/wp\/v2\/pages\/3673","targetHints":{"allow":["GET"]}}],"collection":[{"href":"https:\/\/urk-export.nl\/it\/wp-json\/wp\/v2\/pages"}],"about":[{"href":"https:\/\/urk-export.nl\/it\/wp-json\/wp\/v2\/types\/page"}],"author":[{"embeddable":true,"href":"https:\/\/urk-export.nl\/it\/wp-json\/wp\/v2\/users\/2"}],"replies":[{"embeddable":true,"href":"https:\/\/urk-export.nl\/it\/wp-json\/wp\/v2\/comments?post=3673"}],"version-history":[{"count":6,"href":"https:\/\/urk-export.nl\/it\/wp-json\/wp\/v2\/pages\/3673\/revisions"}],"predecessor-version":[{"id":4433,"href":"https:\/\/urk-export.nl\/it\/wp-json\/wp\/v2\/pages\/3673\/revisions\/4433"}],"wp:featuredmedia":[{"embeddable":true,"href":"https:\/\/urk-export.nl\/it\/wp-json\/wp\/v2\/media\/2507"}],"wp:attachment":[{"href":"https:\/\/urk-export.nl\/it\/wp-json\/wp\/v2\/media?parent=3673"}],"curies":[{"name":"wp","href":"https:\/\/api.w.org\/{rel}","templated":true}]}}